{"id":5171,"date":"2022-06-15T16:10:58","date_gmt":"2022-06-15T15:10:58","guid":{"rendered":"https:\/\/claroflex.com\/?page_id=5171"},"modified":"2022-09-15T12:55:43","modified_gmt":"2022-09-15T11:55:43","slug":"pivot-aluminium-profile-upgrades","status":"publish","type":"page","link":"https:\/\/claroflex.com\/pt\/pivot-aluminium-profile-upgrades\/","title":{"rendered":"pivot - actualiza\u00e7\u00f5es de perfis de alum\u00ednio"},"content":{"rendered":"<div class=\"wpb-content-wrapper\"><div data-vc-full-width=\"true\" data-vc-full-width-init=\"false\" data-vc-stretch-content=\"true\" class=\"vc_row wpb_row vc_row-fluid vc_row-no-padding\"><div class=\"wpb_column vc_column_container vc_col-sm-12 \"><div class=\"vc_column-inner \"><div class=\"wpb_wrapper\">\n\t<div class=\"wpb_raw_code wpb_content_element wpb_raw_html\" >\n\t\t<div class=\"wpb_wrapper\">\n\t\t\t<div class=\"project-detail-parallax-item\" id=\"video-parent-container\" style=\"height: 710.22px;\">\n<div class=\"detail-parallax-item-bg\">\n<video style=\"width: 100%;\" id=\"background-video\" autoplay=\"autoplay\" loop=\"true\" playsinline muted poster=\"\/media\/video\/pivot-accessories-2.jpg\">\n  <source src=\"\/media\/video\/pivot-header-extras-and-sealing-strips.mp4\" type=\"video\/mp4\">\n   <source src=\"\/media\/video\/pivot-header-extras-and-sealing-strips.ogv\" type='video\/ogg; codecs=\"theora, vorbis\"'>\n<\/video><\/div>\n<div class=\"detail-parallax-item-header\">\n   <h1 class=\"detail-parallax-item-header-title\">ALUMINIUM PROFILE UPGRADES<\/h1>\n<\/div>\n<\/div>\n\n\t\t<\/div>\n\t<\/div>\n<\/div><\/div><\/div><\/div><div class=\"vc_row-full-width vc_clearfix\"><\/div><div class=\"vc_row wpb_row vc_row-fluid\"><div class=\"wpb_column vc_column_container vc_col-sm-12 \"><div class=\"vc_column-inner \"><div class=\"wpb_wrapper\"><div class=\"vc_empty_space\"   style=\"height: 3rem\"><span class=\"vc_empty_space_inner\"><\/span><\/div><\/div><\/div><\/div><\/div><div class=\"vc_row wpb_row vc_row-fluid extras-items-line\"><div class=\"wpb_column vc_column_container vc_col-sm-4 \"><div class=\"vc_column-inner \"><div class=\"wpb_wrapper\">[vc_pricing style=&#8221;featured_image&#8221; image=&#8221;5173&#8243; subtitle=&#8221;\u2800&#8221; title=&#8221;TRACK COVER PROFILE&#8221; button_style=&#8221;simple&#8221; button_link_class=&#8221;prague-pricing-link a-btn-2 simple&#8221; button_span_class=&#8221;a-btn-line&#8221;]<span class=\"text-red\">Code:<\/span> ALU004T<\/p>\n<p><span class=\"text-red\">Finishes:<\/span> RAL and anodised colours<\/p>\n<p><span class=\"text-red\">Length:<\/span> 6.3 m[\/vc_pricing]<\/div><\/div><\/div><div class=\"wpb_column vc_column_container vc_col-sm-4 \"><div class=\"vc_column-inner \"><div class=\"wpb_wrapper\">[vc_pricing style=&#8221;featured_image&#8221; image=&#8221;5174&#8243; subtitle=&#8221;\u2800&#8221; title=&#8221;&#8220;L&#8220; END PROFILE&#8221; button_style=&#8221;arrow&#8221; button_link_class=&#8221;prague-pricing-link a-btn-arrow-2&#8243; button_span_class=&#8221;arrow-right&#8221;]<span class=\"text-red\">Code:<\/span> ALU0126C<\/p>\n<p><span class=\"text-red\">Finishes:<\/span> RAL and anodised colours<\/p>\n<p><span class=\"text-red\">Length:<\/span> 6.3 m[\/vc_pricing]<\/div><\/div><\/div><div class=\"wpb_column vc_column_container vc_col-sm-4 \"><div class=\"vc_column-inner \"><div class=\"wpb_wrapper\">[vc_pricing style=&#8221;featured_image&#8221; image=&#8221;5175&#8243; subtitle=&#8221;\u2800&#8221; title=&#8221;&#8220;U&#8220; END PROFILE&#8221; button_style=&#8221;arrow&#8221; button_link_class=&#8221;prague-pricing-link a-btn-arrow-2&#8243; button_span_class=&#8221;arrow-right&#8221;]<span class=\"text-red\">Code:<\/span> ALU009<\/p>\n<p><span class=\"text-red\">Finishes:<\/span> RAL and anodised colours<\/p>\n<p><span class=\"text-red\">Length:<\/span> 6.3 m[\/vc_pricing]<\/div><\/div><\/div><\/div><div class=\"vc_row wpb_row vc_row-fluid\"><div class=\"wpb_column vc_column_container vc_col-sm-12 \"><div class=\"vc_column-inner \"><div class=\"wpb_wrapper\"><div class=\"vc_empty_space\"   style=\"height: 2rem\"><span class=\"vc_empty_space_inner\"><\/span><\/div><\/div><\/div><\/div><\/div><div class=\"vc_row wpb_row vc_row-fluid\"><div class=\"wpb_column vc_column_container vc_col-sm-12 \"><div class=\"vc_column-inner \"><div class=\"wpb_wrapper\">\n\t<div class=\"wpb_text_column wpb_content_element \" >\n\t\t<div class=\"wpb_wrapper\">\n\t\t\t<h3 style=\"text-align: center;\">CONTACT US<\/h3>\n\n\t\t<\/div>\n\t<\/div>\n<\/div><\/div><\/div><\/div><div class=\"vc_row wpb_row vc_row-fluid\"><div class=\"wpb_column vc_column_container vc_col-sm-12 \"><div class=\"vc_column-inner \"><div class=\"wpb_wrapper\"><div class=\"vc_empty_space\"   style=\"height: 1rem\"><span class=\"vc_empty_space_inner\"><\/span><\/div><\/div><\/div><\/div><\/div><div class=\"vc_row wpb_row vc_row-fluid\"><div class=\"wpb_column vc_column_container vc_col-sm-12 \"><div class=\"vc_column-inner \"><div class=\"wpb_wrapper\">[vc_formidable form=&#8221;3&#8243; el_class=&#8221;form-contacto form-contacto-alternativo&#8221;]<\/div><\/div><\/div><\/div>\n<\/div>","protected":false},"excerpt":{"rendered":"ALUMINIUM PROFILE UPGRADES [vc_pricing style=\"featured_image\" image=\"5173\" subtitle=\"\u2800\" title=\"TRACK COVER PROFILE\" button_style=\"simple\" button_link_class=\"prague-pricing-link a-btn-2 simple\" button_span_class=\"a-btn-line\"]Code: ALU004T Finishes: RAL and anodised","protected":false},"author":4,"featured_media":0,"parent":0,"menu_order":0,"comment_status":"closed","ping_status":"closed","template":"","meta":{"footnotes":""},"class_list":["post-5171","page","type-page","status-publish","hentry"],"featured_image_src":"","featured_image_src_square":"","_links":{"self":[{"href":"https:\/\/claroflex.com\/pt\/wp-json\/wp\/v2\/pages\/5171","targetHints":{"allow":["GET"]}}],"collection":[{"href":"https:\/\/claroflex.com\/pt\/wp-json\/wp\/v2\/pages"}],"about":[{"href":"https:\/\/claroflex.com\/pt\/wp-json\/wp\/v2\/types\/page"}],"author":[{"embeddable":true,"href":"https:\/\/claroflex.com\/pt\/wp-json\/wp\/v2\/users\/4"}],"replies":[{"embeddable":true,"href":"https:\/\/claroflex.com\/pt\/wp-json\/wp\/v2\/comments?post=5171"}],"version-history":[{"count":13,"href":"https:\/\/claroflex.com\/pt\/wp-json\/wp\/v2\/pages\/5171\/revisions"}],"predecessor-version":[{"id":6122,"href":"https:\/\/claroflex.com\/pt\/wp-json\/wp\/v2\/pages\/5171\/revisions\/6122"}],"wp:attachment":[{"href":"https:\/\/claroflex.com\/pt\/wp-json\/wp\/v2\/media?parent=5171"}],"curies":[{"name":"wp","href":"https:\/\/api.w.org\/{rel}","templated":true}]}}