{"id":4890,"date":"2022-06-13T09:00:22","date_gmt":"2022-06-13T08:00:22","guid":{"rendered":"https:\/\/claroflex.com\/?page_id=4890"},"modified":"2024-04-10T12:15:36","modified_gmt":"2024-04-10T11:15:36","slug":"pivot-sealing-strips","status":"publish","type":"page","link":"https:\/\/claroflex.com\/pt\/pivot-sealing-strips\/","title":{"rendered":"piv\u00f4 - tiras de veda\u00e7\u00e3o"},"content":{"rendered":"<div class=\"wpb-content-wrapper\"><div data-vc-full-width=\"true\" data-vc-full-width-init=\"false\" data-vc-stretch-content=\"true\" class=\"vc_row wpb_row vc_row-fluid vc_row-no-padding\"><div class=\"wpb_column vc_column_container vc_col-sm-12 \"><div class=\"vc_column-inner \"><div class=\"wpb_wrapper\">\n\t<div class=\"wpb_raw_code wpb_content_element wpb_raw_html\" >\n\t\t<div class=\"wpb_wrapper\">\n\t\t\t<div class=\"project-detail-parallax-item\" id=\"video-parent-container\" style=\"height: 710.22px;\">\n<div class=\"detail-parallax-item-bg\">\n<video style=\"width: 100%;\" id=\"background-video\" autoplay=\"autoplay\" loop=\"true\" playsinline muted poster=\"\/media\/video\/pivot-accessories-2.jpg\">\n  <source src=\"\/media\/video\/pivot-header-extras-and-sealing-strips.mp4\" type=\"video\/mp4\">\n   <source src=\"\/media\/video\/pivot-header-extras-and-sealing-strips.ogv\" type='video\/ogg; codecs=\"theora, vorbis\"'>\n<\/video><\/div>\n<div class=\"detail-parallax-item-header\">\n   <h1 class=\"detail-parallax-item-header-title\">SEALING STRIPS<\/h1>\n<\/div>\n<\/div>\n\t\t<\/div>\n\t<\/div>\n<\/div><\/div><\/div><\/div><div class=\"vc_row-full-width vc_clearfix\"><\/div><div class=\"vc_row wpb_row vc_row-fluid\"><div class=\"wpb_column vc_column_container vc_col-sm-12 \"><div class=\"vc_column-inner \"><div class=\"wpb_wrapper\"><div class=\"vc_empty_space\"   style=\"height: 4rem\"><span class=\"vc_empty_space_inner\"><\/span><\/div><\/div><\/div><\/div><\/div><div class=\"vc_row wpb_row vc_row-fluid extras-items-line\"><div class=\"wpb_column vc_column_container vc_col-sm-4 \"><div class=\"vc_column-inner \"><div class=\"wpb_wrapper\">[vc_pricing style=&#8221;featured_image&#8221; image=&#8221;4896&#8243; subtitle=&#8221;\u2800&#8221; title=&#8221;&#8220;h&#8220; SEALING STRIP&#8221; button_style=&#8221;simple&#8221; button_link_class=&#8221;prague-pricing-link a-btn-2 simple&#8221; button_span_class=&#8221;a-btn-line&#8221;]<span class=\"text-red\">Code:<\/span> SIS049<\/p>\n<p><span class=\"text-red\">Glass thickness:<\/span> 8 mm<\/p>\n<p><span class=\"text-red\">Length:<\/span> 2.6 m[\/vc_pricing]<\/div><\/div><\/div><div class=\"wpb_column vc_column_container vc_col-sm-4 \"><div class=\"vc_column-inner \"><div class=\"wpb_wrapper\">[vc_pricing style=&#8221;featured_image&#8221; image=&#8221;4896&#8243; subtitle=&#8221;\u2800&#8221; title=&#8221;&#8220;h&#8220; SEALING STRIP&#8221; button_style=&#8221;arrow&#8221; button_link_class=&#8221;prague-pricing-link a-btn-arrow-2&#8243; button_span_class=&#8221;arrow-right&#8221;]<span class=\"text-red\">Code:<\/span> SIS00532<\/p>\n<p><span class=\"text-red\">Glass thickness:<\/span> 10 mm<\/p>\n<p><span class=\"text-red\">Length:<\/span> 3.1 m[\/vc_pricing]<\/div><\/div><\/div><div class=\"wpb_column vc_column_container vc_col-sm-4 \"><div class=\"vc_column-inner \"><div class=\"wpb_wrapper\">[vc_pricing style=&#8221;featured_image&#8221; image=&#8221;4896&#8243; subtitle=&#8221;\u2800&#8221; title=&#8221;&#8220;h&#8220; SEALING STRIP&#8221; button_style=&#8221;arrow&#8221; button_link_class=&#8221;prague-pricing-link a-btn-arrow-2&#8243; button_span_class=&#8221;arrow-right&#8221;]<span class=\"text-red\">Code:<\/span> SIS050<\/p>\n<p><span class=\"text-red\">Glass thickness:<\/span> 12 mm<\/p>\n<p><span class=\"text-red\">Length:<\/span> 3.1 m[\/vc_pricing]<\/div><\/div><\/div><\/div><div class=\"vc_row wpb_row vc_row-fluid extras-items-line\"><div class=\"wpb_column vc_column_container vc_col-sm-4 \"><div class=\"vc_column-inner \"><div class=\"wpb_wrapper\">[vc_pricing style=&#8221;featured_image&#8221; image=&#8221;4895&#8243; subtitle=&#8221;\u2800&#8221; title=&#8221;FLEXIBLE SEALING STRIP&#8221; button_style=&#8221;arrow&#8221; button_link_class=&#8221;prague-pricing-link a-btn-arrow-2&#8243; button_span_class=&#8221;arrow-right&#8221;]<span class=\"text-red\">Code:<\/span> SIS047<\/p>\n<p><span class=\"text-red\">Glass thickness:<\/span> 8 mm<\/p>\n<p><span class=\"text-red\">Length:<\/span> 2.6 m[\/vc_pricing]<\/div><\/div><\/div><div class=\"wpb_column vc_column_container vc_col-sm-4 \"><div class=\"vc_column-inner \"><div class=\"wpb_wrapper\">[vc_pricing style=&#8221;featured_image&#8221; image=&#8221;4895&#8243; subtitle=&#8221;\u2800&#8221; title=&#8221;FLEXIBLE SEALING STRIP&#8221; button_style=&#8221;arrow&#8221; button_link_class=&#8221;prague-pricing-link a-btn-arrow-2&#8243; button_span_class=&#8221;arrow-right&#8221;]<span class=\"text-red\">Code:<\/span> SIS00632<\/p>\n<p><span class=\"text-red\">Glass thickness:<\/span> 10 mm<\/p>\n<p><span class=\"text-red\">Length:<\/span> 3.1 m[\/vc_pricing]<\/div><\/div><\/div><div class=\"wpb_column vc_column_container vc_col-sm-4 \"><div class=\"vc_column-inner \"><div class=\"wpb_wrapper\">[vc_pricing style=&#8221;featured_image&#8221; image=&#8221;4895&#8243; subtitle=&#8221;\u2800&#8221; title=&#8221;FLEXIBLE SEALING STRIP&#8221; button_style=&#8221;arrow&#8221; button_link_class=&#8221;prague-pricing-link a-btn-arrow-2&#8243; button_span_class=&#8221;arrow-right&#8221;]<span class=\"text-red\">Code:<\/span> SIS048<\/p>\n<p><span class=\"text-red\">Glass thickness:<\/span> 12 mm<\/p>\n<p><span class=\"text-red\">Length:<\/span> 3.1 m[\/vc_pricing]<\/div><\/div><\/div><\/div><div class=\"vc_row wpb_row vc_row-fluid extras-items-line\"><div class=\"wpb_column vc_column_container vc_col-sm-4 \"><div class=\"vc_column-inner \"><div class=\"wpb_wrapper\">[vc_pricing style=&#8221;featured_image&#8221; image=&#8221;4879&#8243; subtitle=&#8221;\u2800&#8221; title=&#8221;&#8220;H&#8220; SEALING STRIP&#8221; button_style=&#8221;arrow&#8221; button_link_class=&#8221;prague-pricing-link a-btn-arrow-2&#8243; button_span_class=&#8221;arrow-right&#8221;]<span class=\"text-red\">Code:<\/span> SIS077<\/p>\n<p><span class=\"text-red\">Glass thickness:<\/span> 8 mm<\/p>\n<p><span class=\"text-red\">Length:<\/span> 2.6 m[\/vc_pricing]<\/div><\/div><\/div><div class=\"wpb_column vc_column_container vc_col-sm-4 \"><div class=\"vc_column-inner \"><div class=\"wpb_wrapper\">[vc_pricing style=&#8221;featured_image&#8221; image=&#8221;4879&#8243; subtitle=&#8221;\u2800&#8221; title=&#8221;&#8220;H&#8220; SEALING STRIP&#8221; button_style=&#8221;arrow&#8221; button_link_class=&#8221;prague-pricing-link a-btn-arrow-2&#8243; button_span_class=&#8221;arrow-right&#8221;]<span class=\"text-red\">Code:<\/span> SIS018<\/p>\n<p><span class=\"text-red\">Glass thickness:<\/span> 10 mm<\/p>\n<p><span class=\"text-red\">Length:<\/span> 3.2 m[\/vc_pricing]<\/div><\/div><\/div><div class=\"wpb_column vc_column_container vc_col-sm-4 \"><div class=\"vc_column-inner \"><div class=\"wpb_wrapper\">[vc_pricing style=&#8221;featured_image&#8221; image=&#8221;4879&#8243; subtitle=&#8221;\u2800&#8221; title=&#8221;&#8220;H&#8220; SEALING STRIP&#8221; button_style=&#8221;arrow&#8221; button_link_class=&#8221;prague-pricing-link a-btn-arrow-2&#8243; button_span_class=&#8221;arrow-right&#8221;]<span class=\"text-red\">Code:<\/span> SIS100<\/p>\n<p><span class=\"text-red\">Glass thickness:<\/span> 12 mm<\/p>\n<p><span class=\"text-red\">Length:<\/span> 3.1 m[\/vc_pricing]<\/div><\/div><\/div><\/div><div class=\"vc_row wpb_row vc_row-fluid extras-items-line\"><div class=\"wpb_column vc_column_container vc_col-sm-4 \"><div class=\"vc_column-inner \"><div class=\"wpb_wrapper\">[vc_pricing style=&#8221;featured_image&#8221; image=&#8221;7480&#8243; subtitle=&#8221;\u2800&#8221; title=&#8221; 3,1 M &#8211; 10 \u041c\u041c \u00abh\u00bb SHAPED BLACK STRIP &#8221; button_style=&#8221;arrow&#8221; button_link_class=&#8221;prague-pricing-link a-btn-arrow-2&#8243; button_span_class=&#8221;arrow-right&#8221;]<span class=\"text-red\">Code:<\/span> SIS00532N<\/p>\n<p><span class=\"text-red\">Glass thickness:<\/span> 10 mm<\/p>\n<p><span class=\"text-red\">Length:<\/span> 3.1 m[\/vc_pricing]<\/div><\/div><\/div><div class=\"wpb_column vc_column_container vc_col-sm-4 \"><div class=\"vc_column-inner \"><div class=\"wpb_wrapper\">[vc_pricing style=&#8221;featured_image&#8221; image=&#8221;4897&#8243; subtitle=&#8221;\u2800&#8221; title=&#8221;Ultra-clear &#8220;h&#8220; SEALING STRIP&#8221; button_style=&#8221;arrow&#8221; button_link_class=&#8221;prague-pricing-link a-btn-arrow-2&#8243; button_span_class=&#8221;arrow-right&#8221;]<span class=\"text-red\">Code:<\/span> SIS00532UC<\/p>\n<p><span class=\"text-red\">Glass thickness:<\/span> 10 mm<\/p>\n<p><span class=\"text-red\">Length:<\/span> 3.1 m[\/vc_pricing]<\/div><\/div><\/div><div class=\"wpb_column vc_column_container vc_col-sm-4 \"><div class=\"vc_column-inner \"><div class=\"wpb_wrapper\">[vc_pricing style=&#8221;featured_image&#8221; image=&#8221;4899&#8243; subtitle=&#8221;\u2800&#8221; title=&#8221;Ultra-clear &#8220;H&#8220; SEALING STRIP&#8221; button_style=&#8221;arrow&#8221; button_link_class=&#8221;prague-pricing-link a-btn-arrow-2&#8243; button_span_class=&#8221;arrow-right&#8221;]<span class=\"text-red\">Code:<\/span> SIS018UC<\/p>\n<p><span class=\"text-red\">Glass thickness:<\/span> 10 mm<\/p>\n<p><span class=\"text-red\">Length:<\/span> 3.2 m[\/vc_pricing]<\/div><\/div><\/div><\/div><div class=\"vc_row wpb_row vc_row-fluid extras-items-line\"><div class=\"wpb_column vc_column_container vc_col-sm-4 \"><div class=\"vc_column-inner \"><div class=\"wpb_wrapper\">[vc_pricing style=&#8221;featured_image&#8221; image=&#8221;4871&#8243; subtitle=&#8221;\u2800&#8221; title=&#8221;BUBBLE SEALING STRIP&#8221; button_style=&#8221;arrow&#8221; button_link_class=&#8221;prague-pricing-link a-btn-arrow-2&#8243; button_span_class=&#8221;arrow-right&#8221;]<span class=\"text-red\">Code:<\/span> SIS019<\/p>\n<p><span class=\"text-red\">Glass thickness:<\/span> 10 mm<\/p>\n<p><span class=\"text-red\">Length:<\/span> 3.1 m[\/vc_pricing]<\/div><\/div><\/div><div class=\"wpb_column vc_column_container vc_col-sm-4 \"><div class=\"vc_column-inner \"><div class=\"wpb_wrapper\">[vc_pricing style=&#8221;featured_image&#8221; image=&#8221;6502&#8243; subtitle=&#8221;\u2800&#8221; title=&#8221;OPEN \u201cD\u201d SHAPED STRIP FOR CAPS&#8221; button_style=&#8221;arrow&#8221; button_link_class=&#8221;prague-pricing-link a-btn-arrow-2&#8243; button_span_class=&#8221;arrow-right&#8221;]<span class=\"text-red\">Code:<\/span> SIS0165<\/p>\n<p><span class=\"text-red\">Glass thickness:<\/span> 10, 12 mm<\/p>\n<p><span class=\"text-red\">Length:<\/span> 3.2 m[\/vc_pricing]<\/div><\/div><\/div><div class=\"wpb_column vc_column_container vc_col-sm-4 \"><div class=\"vc_column-inner \"><div class=\"wpb_wrapper\">[vc_pricing style=&#8221;featured_image&#8221; image=&#8221;6501&#8243; subtitle=&#8221;\u2800&#8221; title=&#8221;OPEN \u201cD\u201d SHAPED STRIP&#8221; button_style=&#8221;arrow&#8221; button_link_class=&#8221;prague-pricing-link a-btn-arrow-2&#8243; button_span_class=&#8221;arrow-right&#8221;]<span class=\"text-red\">Code:<\/span> SIS0163<\/p>\n<p><span class=\"text-red\">Glass thickness:<\/span> 10, 12 mm<\/p>\n<p><span class=\"text-red\">Length:<\/span> 3.2 m[\/vc_pricing]<\/div><\/div><\/div><\/div><div class=\"vc_row wpb_row vc_row-fluid\"><div class=\"wpb_column vc_column_container vc_col-sm-12 \"><div class=\"vc_column-inner \"><div class=\"wpb_wrapper\"><div class=\"vc_empty_space\"   style=\"height: 3rem\"><span class=\"vc_empty_space_inner\"><\/span><\/div><\/div><\/div><\/div><\/div><div class=\"vc_row wpb_row vc_row-fluid\"><div class=\"wpb_column vc_column_container vc_col-sm-12 \"><div class=\"vc_column-inner \"><div class=\"wpb_wrapper\">\n\t<div class=\"wpb_text_column wpb_content_element \" >\n\t\t<div class=\"wpb_wrapper\">\n\t\t\t<h3 style=\"text-align: center;\">CONTACT US<\/h3>\n\n\t\t<\/div>\n\t<\/div>\n<\/div><\/div><\/div><\/div><div class=\"vc_row wpb_row vc_row-fluid\"><div class=\"wpb_column vc_column_container vc_col-sm-12 \"><div class=\"vc_column-inner \"><div class=\"wpb_wrapper\">[vc_formidable form=&#8221;3&#8243; el_class=&#8221;form-contacto form-contacto-alternativo&#8221;]<\/div><\/div><\/div><\/div>\n<\/div>","protected":false},"excerpt":{"rendered":"SEALING STRIPS [vc_pricing style=\"featured_image\" image=\"4896\" subtitle=\"\u2800\" title=\"``h`` SEALING STRIP\" button_style=\"simple\" button_link_class=\"prague-pricing-link a-btn-2 simple\" button_span_class=\"a-btn-line\"]Code: SIS049 Glass thickness: 8 mm Length:","protected":false},"author":4,"featured_media":0,"parent":0,"menu_order":0,"comment_status":"closed","ping_status":"closed","template":"","meta":{"footnotes":""},"class_list":["post-4890","page","type-page","status-publish","hentry"],"featured_image_src":"","featured_image_src_square":"","_links":{"self":[{"href":"https:\/\/claroflex.com\/pt\/wp-json\/wp\/v2\/pages\/4890","targetHints":{"allow":["GET"]}}],"collection":[{"href":"https:\/\/claroflex.com\/pt\/wp-json\/wp\/v2\/pages"}],"about":[{"href":"https:\/\/claroflex.com\/pt\/wp-json\/wp\/v2\/types\/page"}],"author":[{"embeddable":true,"href":"https:\/\/claroflex.com\/pt\/wp-json\/wp\/v2\/users\/4"}],"replies":[{"embeddable":true,"href":"https:\/\/claroflex.com\/pt\/wp-json\/wp\/v2\/comments?post=4890"}],"version-history":[{"count":50,"href":"https:\/\/claroflex.com\/pt\/wp-json\/wp\/v2\/pages\/4890\/revisions"}],"predecessor-version":[{"id":7534,"href":"https:\/\/claroflex.com\/pt\/wp-json\/wp\/v2\/pages\/4890\/revisions\/7534"}],"wp:attachment":[{"href":"https:\/\/claroflex.com\/pt\/wp-json\/wp\/v2\/media?parent=4890"}],"curies":[{"name":"wp","href":"https:\/\/api.w.org\/{rel}","templated":true}]}}