{"id":7027,"date":"2023-06-13T10:04:04","date_gmt":"2023-06-13T09:04:04","guid":{"rendered":"https:\/\/claroflex.com\/?page_id=7027"},"modified":"2025-09-24T12:41:53","modified_gmt":"2025-09-24T11:41:53","slug":"welcome-to-claroflex-exhibition","status":"publish","type":"page","link":"https:\/\/claroflex.com\/fr\/welcome-to-claroflex-exhibition\/","title":{"rendered":"Bienvenue \u00e0 CLAROFLEX EXHIBITION"},"content":{"rendered":"<div class=\"wpb-content-wrapper\"><div class=\"vc_row wpb_row vc_row-fluid\"><div class=\"wpb_column vc_column_container vc_col-sm-12\"><div class=\"vc_column-inner\"><div class=\"wpb_wrapper\">\n\t<div class=\"wpb_raw_code wpb_content_element wpb_raw_html\" >\n\t\t<div class=\"wpb_wrapper\">\n\t\t\t<div class=\"container padd-only-xs\">\n\t\t<div class=\"row\">\n\t\t\t<div class=\"col-md-9 margin-top-6em margin-sm-100t margin-bottom-1em margin-sm-50b\">\n\t\t\t\t<!-- Post content -->\n\t\t\t\t<div class=\"post-detailed post-1443 post type-post status-publish format-standard has-post-thumbnail hentry category-uncategorized\">\n\n\t\t\t\t\t<h3>Bienvenue \u00e0 CLAROFLEX EXHIBITION.<\/h3>\t\t\t\t\t\n\t\t\t\t\t\t\t\t\t\t\n\t\t\t\t\t\t\t\t\t\t<div class=\"prague-post-thumbnail\" style=\"margin-bottom: 30px !important\">\n\t\t\t\t\t\t<img decoding=\"async\" width=\"2000\" height=\"2000\" src=\"\/wp-content\/uploads\/2023\/06\/1\u04451-solex.png\" class=\"attachment-full size-full wp-post-image\" alt=\"\" loading=\"lazy\" srcset=\"\/wp-content\/uploads\/2023\/06\/1\u04451-solex.png 2000w, \/wp-content\/uploads\/2023\/06\/1\u04451-solex.png 300w, \/wp-content\/uploads\/2023\/06\/1\u04451-solex.png 768w, \/wp-content\/uploads\/2023\/06\/1\u04451-solex.png 1024w\" sizes=\"auto, (max-width: 2000px) 100vw, 2000px\">\t\t\t\t\t<\/div>\n\t\t\t\t\t\t\t\t\t\t\n\t\t\t\t\t<blockquote class=\"blockquote-content\" style=\"margin-top: 25px !important;\"><p>Laissez-vous surprendre par la solution de vitrage la plus compl\u00e8te et la plus innovante pour votre pergola, votre terrasse et votre balcon. Venez \u00e9galement d\u00e9couvrir nos syst\u00e8mes de vitrage sans cadre PIVOT, SLIDE et WINDBREAK \"VENTO\".\"<\/p><\/blockquote>\n\t\t\t\t\t\n\t\t\t\t<\/div>\n\t\t\t\t<!-- End post content -->\n\n\t\t\t\t\t\t\t\t\t\n\t\t\t\t\t\t\t\t\n\t\t\t<\/div>\n\t\t\t\t\t\t<div class=\"col-md-3 margin-lg-140t margin-sm-50t margin-lg-140b margin-sm-50b\">\n\t\t\t\t<div class=\"prague-sidebar\">\n\t\t\t\t\t<div class=\"prague-widget widget_search\"><form role=\"search\" method=\"get\" class=\"search-form\" action=\"\/fr\/\" data-trp-original-action=\"\/\">\n\t\t\t\t<label>\n\t\t\t\t\t<span class=\"screen-reader-text\">Recherche de :<\/span>\n\t\t\t\t\t<input type=\"search\" class=\"search-field\" placeholder=\"Recherche ...\" value=\"\" name=\"s\">\n\t\t\t\t<\/label>\n\t\t\t\t<input type=\"submit\" class=\"search-submit\" value=\"Recherche\">\n\t\t\t<input type=\"hidden\" name=\"trp-form-language\" value=\"fr\"\/><\/form><\/div>\n\t\t<div class=\"prague-widget widget_categories\"><h3 class=\"prague-title-w\">Cat\u00e9gories<\/h3>\n\t\t\t<ul>\n\t\t\t\t\t<li class=\"cat-item cat-item-16\"><a href=\"\/fr\/category-pivot\/\">Pivot<\/a>\n<\/li>\n                                        <li class=\"cat-item cat-item-16\"><a href=\"\/fr\/category-slide\/\">Diapositive<\/a>\n<\/li>\n                                        <li class=\"cat-item cat-item-16\"><a href=\"\/fr\/category-duo\/\">Duo<\/a>\n<\/li>\n                                        <li class=\"cat-item cat-item-16\"><a href=\"\/fr\/category-screen\/\">\u00c9cran<\/a>\n<\/li>                                    \n\t<li class=\"cat-item cat-item-1\"><a href=\"\/fr\/category-uncategorized\/\">Non class\u00e9<\/a>\n<\/li>\n\t\t\t<\/ul>\n\n\t\t\t<\/div>\n\n<div class=\"prague-widget widget_archive\"><h3 class=\"prague-title-w\">Archives<\/h3>\n\t\t\t<ul>\n\t\t\t\t\t<li><a href=\"\/fr\/2023-01\/\">Janvier 2023<\/a><\/li>\n                                        <li><a href=\"\/fr\/2023-06\/\">Juin 2023<\/a><\/li>\n\t\t\t<\/ul>\n\n\t\t\t<\/div>\n\t\t\t\t<\/div>\n\t\t\t<\/div>\n\t\t\t\t\t<\/div>\n\t<\/div>\n\t\t<\/div>\n\t<\/div>\n<\/div><\/div><\/div><\/div>\n<\/div>","protected":false},"excerpt":{"rendered":"Bienvenue \u00e0 CLAROFLEX EXHIBITION. Laissez-vous surprendre par la solution de vitrage la plus compl\u00e8te et la plus innovante pour votre pergola, votre terrasse et votre balcon.","protected":false},"author":1,"featured_media":0,"parent":0,"menu_order":0,"comment_status":"closed","ping_status":"closed","template":"","meta":{"footnotes":""},"class_list":["post-7027","page","type-page","status-publish","hentry"],"featured_image_src":"","featured_image_src_square":"","_links":{"self":[{"href":"https:\/\/claroflex.com\/fr\/wp-json\/wp\/v2\/pages\/7027","targetHints":{"allow":["GET"]}}],"collection":[{"href":"https:\/\/claroflex.com\/fr\/wp-json\/wp\/v2\/pages"}],"about":[{"href":"https:\/\/claroflex.com\/fr\/wp-json\/wp\/v2\/types\/page"}],"author":[{"embeddable":true,"href":"https:\/\/claroflex.com\/fr\/wp-json\/wp\/v2\/users\/1"}],"replies":[{"embeddable":true,"href":"https:\/\/claroflex.com\/fr\/wp-json\/wp\/v2\/comments?post=7027"}],"version-history":[{"count":5,"href":"https:\/\/claroflex.com\/fr\/wp-json\/wp\/v2\/pages\/7027\/revisions"}],"predecessor-version":[{"id":7366,"href":"https:\/\/claroflex.com\/fr\/wp-json\/wp\/v2\/pages\/7027\/revisions\/7366"}],"wp:attachment":[{"href":"https:\/\/claroflex.com\/fr\/wp-json\/wp\/v2\/media?parent=7027"}],"curies":[{"name":"wp","href":"https:\/\/api.w.org\/{rel}","templated":true}]}}