{"id":6762,"date":"2023-01-05T13:50:29","date_gmt":"2023-01-05T12:50:29","guid":{"rendered":"https:\/\/claroflex.com\/?page_id=6762"},"modified":"2024-01-25T13:54:40","modified_gmt":"2024-01-25T12:54:40","slug":"category-duo","status":"publish","type":"page","link":"https:\/\/claroflex.com\/fi\/category-duo\/","title":{"rendered":"Duo-luokka"},"content":{"rendered":"<div class=\"wpb-content-wrapper\"><div class=\"vc_row wpb_row vc_row-fluid title-mobile vc_custom_1671455627591\"><div class=\"wpb_column vc_column_container vc_col-sm-12\"><div class=\"vc_column-inner\"><div class=\"wpb_wrapper\">\n\t<div class=\"wpb_raw_code wpb_content_element wpb_raw_html\" >\n\t\t<div class=\"wpb_wrapper\">\n\t\t\t<section class=\"container-fluid top-banner no-padd  simple  dark\">\n                                        <div class=\"content\" style=\"margin-top: 110px !important; margin-bottom: 90px !important;\">\n                <div class=\"prague-svg-animation-text\">\n                    <!--?xml version=\"1.0\"?-->\n<svg width=\"93%\" height=\"100%\" style=\"\" fill=\"transparent\" viewbox=\"0 0 252.9296875 159.921875\" preserveaspectratio=\"xMidYMid meet\" class=\"prague-svg my-svg0\" id=\"my-svg0\"><path d=\" M5.56640625,119.921875l0-71.09375l24.4140625,0q13.232421875,0,20.654296875,4.9072265625t7.421875,14.6240234375q0,5.078125-2.392578125,9.033203125t-7.373046875,5.95703125q6.25,1.416015625,9.228515625,5.6884765625t2.978515625,9.8388671875q0,10.400390625-6.982421875,15.72265625t-20.01953125,5.322265625l-27.9296875,0z M22.119140625,107.2265625l11.376953125,0q5.2734375,0,7.91015625-2.0751953125t2.63671875-6.3720703125q0-4.638671875-2.2705078125-7.0068359375t-7.3486328125-2.3681640625l-12.3046875,0l0,17.822265625z M22.119140625,78.466796875l8.203125,0q5.615234375-0.09765625,8.3984375-2.1728515625t2.783203125-6.0791015625q0-4.541015625-2.83203125-6.6162109375t-8.69140625-2.0751953125l-7.861328125,0l0,16.943359375z\" style=\"stroke-dasharray: 380, 382; stroke-dashoffset: 0;\"><\/path><path d=\" M69.775390625,119.921875l0-71.09375l16.552734375,0l0,58.3984375l30.615234375,0l0,12.6953125l-47.16796875,0z\" style=\"stroke-dasharray: 237, 239; stroke-dashoffset: 0;\"><\/path><path d=\" M122.314453125,90.771484375l0-12.79296875q0-13.0859375,8.3740234375-21.630859375t21.8505859375-8.544921875q13.37890625,0,21.77734375,8.544921875t8.3984375,21.630859375l0,12.79296875q0,13.134765625-8.3251953125,21.6552734375t-21.7529296875,8.5205078125q-13.525390625,0-21.923828125-8.5205078125t-8.3984375-21.6552734375z M138.76953125,90.771484375q0,7.71484375,3.5888671875,12.59765625t10.2783203125,4.8828125q6.494140625,0,10.05859375-4.8828125t3.564453125-12.59765625l0-12.890625q0-7.6171875-3.5888671875-12.5t-10.1318359375-4.8828125q-6.689453125,0-10.2294921875,4.8583984375t-3.5400390625,12.5244140625l0,12.890625z\" style=\"stroke-dasharray: 344, 346; stroke-dashoffset: 0;\"><\/path><path d=\" M191.015625,91.796875l0-14.84375q0-12.841796875,8.0322265625-20.99609375t20.6787109375-8.154296875q13.720703125,0,20.556640625,6.34765625t7.763671875,17.333984375l-0.09765625,0.29296875l-15.478515625,0q-0.830078125-5.615234375-3.6376953125-8.447265625t-8.5693359375-2.83203125t-9.27734375,4.5654296875t-3.515625,11.7919921875l0,14.94140625q0,7.421875,3.466796875,11.9384765625t9.716796875,4.5166015625q4.541015625,0,7.12890625-0.732421875t4.1015625-1.953125l0-11.23046875l-11.181640625,0l0-10.9375l27.734375,0l0,26.708984375q-3.61328125,4.296875-10.498046875,7.568359375t-17.28515625,3.271484375q-13.18359375,0-21.4111328125-8.10546875t-8.2275390625-21.044921875z \" style=\"stroke-dasharray: 376, 378; stroke-dashoffset: 0;\"><\/path><\/svg>\n                <\/div>\n\n            <div class=\"subtitle\" style=\"color: #fe2833 !important;\">UUTISKIRJALLISUUS<\/div>            <h2 class=\"title\">T\u00e4\u00e4ll\u00e4 jaamme ajatuksemme.<\/h2>                                                  <\/div>\n        <div class=\"top-banner-cursor\"><\/div>\n    <\/section>\n\t\t<\/div>\n\t<\/div>\n<\/div><\/div><\/div><\/div><div class=\"vc_row wpb_row vc_row-fluid blog-linea-vertical\"><div class=\"wpb_column vc_column_container vc_col-sm-12\"><div class=\"vc_column-inner\"><div class=\"wpb_wrapper\">\n\t<div class=\"wpb_raw_code wpb_content_element wpb_raw_html\" >\n\t\t<div class=\"wpb_wrapper\">\n\t\t\t<div class=\"row prague-blog-grif-outer js-load-more-block\">\n\n<div class=\"post-1095 post type-post status-publish format-standard has-post-thumbnail hentry category-uncategorized blog-post col-sm-6 col-xs-12 js-filter-simple-block\">\n\t\t\t\t\t\t\t\n\t\t\t\t\t\t\t<div class=\"prague-blog-grid-wrapper\">\n\t\t\t\t\t\t\t\t\n\t\t\t\t\t\t\t\t\n\t\t\t\t\t\t\t\t\t\t\t\t\t\t\t\t\t\t<div class=\"blog-grid-img s-back-switch\" style=\"background-image: url(&quot;\/wp-content\/uploads\/2023\/06\/blog_image_5.jpg&quot;);\">\n\t\t\t\t\t\t\t\t\t\t<img decoding=\"async\" width=\"538\" height=\"266\" src=\"\/wp-content\/uploads\/2023\/06\/blog_image_5.jpg\" class=\"s-img-switch wp-post-image\" alt=\"\" loading=\"lazy\" srcset=\"\/wp-content\/uploads\/2023\/06\/blog_image_5.jpg 877w, \/wp-content\/uploads\/2023\/06\/blog_image_5.jpg 257w, \/wp-content\/uploads\/2023\/06\/blog_image_5.jpg 768w, \/wp-content\/uploads\/2023\/06\/blog_image_5.jpg 1285w\" sizes=\"auto, (max-width: 538px) 100vw, 538px\" style=\"display: none;\">\t\t\t\t\t\t\t\t\t<\/div>\n\t\t\t\t\t\t\t\t\t\t\t\t\t\t\t\t\t\n\t\t\t\t\t\t\t\t<div class=\"blog-grid-content\">\n\t\t\t\t\t\t\t\t\t<div class=\"blog-grid-post-date\">\n\t\t\t\t\t\t\t\t\t\t\u2800 \n\t\t\t\t\t\t\t\t\t<\/div>\n\n\t\t\t\t\t\t\t\t\t<h3 class=\"blog-grid-post-title\"><a href=\"\/fi\/claroflex-duo-will-make-your-days-brighter-and-joyful\/\">CLAROFLEX\u00ae DUO TEKEE P\u00c4IVIST\u00c4SI VALOISAMPIA JA ILOISEMPIA!<\/a><\/h3>\t\t\t\t\t\t\t\t\t\n\t\t\t\t\t\t\t\t\t\t\t\t\t\t\t\t\t\t<div class=\"blog-grid-post-excerpt\">\n\t\t\t\t\t\t\t\t\t\t<p>Claroflex-kaksoislasij\u00e4rjestelm\u00e4 DUO on korkean suorituskyvyn lasitusratkaisu, joka tarjoaa lukuisia etuja koteihin ja yrityksiin.<\/p>\n\t\t\t\t\t\t\t\t\t<\/div>\n\t\t\t\t\t\t\t\t\t\n<div class=\"blog-grid-post-info\">\n\t\t\t\t\t\t\t\t\t\t<div class=\"blog-grid-post-category\"><a href=\"\/fi\/category-duo\/\" rel=\"category tag\">Duo<\/a><\/div><\/div>\n\t\n\t\t\t\t\t\t\t\t\t<a href=\"\/fi\/claroflex-duo-will-make-your-days-brighter-and-joyful\/\" class=\"blog-grid-link a-btn-arrow-2\">\n\t\t\t\t\t\t\t\t\t\t<span class=\"arrow-right\"><\/span>\n\t\t\t\t\t\t\t\t\t\tLUE LIS\u00c4\u00c4\t\t\t\t\t\t\t\t\t<\/a>\n\n\t\t\t\t\t\t\t\t<\/div>\n\t\t\t\t\t\t\t<\/div>\n\t\t\t\t\t\t<\/div>\n\n\t\t\t\t\t\t\t\t\t\t\t\n\t\t\t\t\t\t\t\t\t\t\t\n\t\t\t\t\t\t\t\t\t\t\t<div class=\"post-1101 post type-post status-publish format-standard has-post-thumbnail hentry category-uncategorized blog-post col-sm-6 col-xs-12 js-filter-simple-block\">\n\t\t\t\t\t\t\t\n\t\t\t\t\t\t\t<div class=\"prague-blog-grid-wrapper\">\n\t\t\t\t\t\t\t\t\n\t\t\t\t\t\t\t\t\n\t\t\t\t\t\t\t\t\t\t\t\t\t\t\t\t\t\t<div class=\"blog-grid-img s-back-switch\" style=\"background-image: url(&quot;\/wp-content\/uploads\/2022\/12\/blog_image_3.jpg&quot;);\">\n\t\t\t\t\t\t\t\t\t\t<img decoding=\"async\" width=\"1024\" height=\"703\" src=\"\/wp-content\/uploads\/2022\/12\/blog_image_3.jpg\" class=\"s-img-switch wp-post-image\" alt=\"\" loading=\"lazy\" srcset=\"\/wp-content\/uploads\/2022\/12\/blog_image_3.jpg 1024w, \/wp-content\/uploads\/2022\/12\/blog_image_3.jpg 300w, \/wp-content\/uploads\/2022\/12\/blog_image_3.jpg 768w, \/wp-content\/uploads\/2022\/12\/blog_image_3.jpg 2000w\" sizes=\"auto, (max-width: 1024px) 100vw, 1024px\" style=\"display: none;\">\t\t\t\t\t\t\t\t\t<\/div>\n\t\t\t\t\t\t\t\t\t\t\t\t\t\t\t\t\t\n\t\t\t\t\t\t\t\t<div class=\"blog-grid-content\">\n\t\t\t\t\t\t\t\t\t<div class=\"blog-grid-post-date\">\n\t\t\t\t\t\t\t\t\t\t\u2800 \n\t\t\t\t\t\t\t\t\t<\/div>\n\n\t\t\t\t\t\t\t\t\t<h3 class=\"blog-grid-post-title\"><a href=\"\/fi\/claroflex-duo-double-glazed-glass-curtain\/\">CLAROFLEX\u00ae DUO KAKSINKERTAINEN LASIVERHO.<\/a><\/h3>\t\t\t\t\t\t\t\t\t\n\t\t\t\t\t\t\t\t\t\t\t\t\t\t\t\t\t\t<div class=\"blog-grid-post-excerpt\">\n\t\t\t\t\t\t\t\t\t\t<p>J\u00e4rjestelm\u00e4n paino on jaettu tasaisesti\nalakiskolle. T\u00e4m\u00e4 takaa j\u00e4rjestelm\u00e4n\nhyv\u00e4n vakauden rajoittamatta sit\u00e4\nylim\u00e4\u00e4r\u00e4isill\u00e4 rakenteilla.<\/p>\n\t\t\t\t\t\t\t\t\t<\/div>\n\t\t\t\t\t\t\t\t\t\t\n<div class=\"blog-grid-post-info\">\n\t\t\t\t\t\t\t\t\t\t<div class=\"blog-grid-post-category\"><a href=\"\/fi\/category-duo\/\" rel=\"category tag\">Duo<\/a><\/div><\/div>\n\t\n\t\t\t\t\t\t\t\t\t<a href=\"\/fi\/claroflex-duo-double-glazed-glass-curtain\/\" class=\"blog-grid-link a-btn-arrow-2\">\n\t\t\t\t\t\t\t\t\t\t<span class=\"arrow-right\"><\/span>\n\t\t\t\t\t\t\t\t\t\tLUE LIS\u00c4\u00c4\t\t\t\t\t\t\t\t\t<\/a>\n\n\t\t\t\t\t\t\t\t<\/div>\n\t\t\t\t\t\t\t<\/div>\n\t\t\t\t\t\t<\/div>\n\t\t\t\t\t\t\t\t\t\t\t<div class=\"post-1098 post type-post status-publish format-standard has-post-thumbnail hentry category-uncategorized blog-post col-sm-6 col-xs-12 js-filter-simple-block\">\n\t\t\t\t\t\t\t\n\t\t\t\t\t\t\t<div class=\"prague-blog-grid-wrapper\">\n\t\t\t\t\t\t\t\t\n\t\t\t\t\t\t\t\t\n\t\t\t\t\t\t\t\t\t\t\t\t\t\t\t\t\t\t<div class=\"blog-grid-img s-back-switch\" style=\"background-image: url(&quot;\/wp-content\/uploads\/2022\/12\/blog_image_4.jpg&quot;);\">\n\t\t\t\t\t\t\t\t\t\t<img decoding=\"async\" width=\"570\" height=\"371\" src=\"\/wp-content\/uploads\/2022\/12\/blog_image_4.jpg\" class=\"s-img-switch wp-post-image\" alt=\"\" loading=\"lazy\" srcset=\"\/wp-content\/uploads\/2022\/12\/blog_image_4.jpg 570w, \/wp-content\/uploads\/2022\/12\/blog_image_4.jpg 300w\" sizes=\"auto, (max-width: 570px) 100vw, 570px\" style=\"display: none;\">\t\t\t\t\t\t\t\t\t<\/div>\n\t\t\t\t\t\t\t\t\t\t\t\t\t\t\t\t\t\n\t\t\t\t\t\t\t\t<div class=\"blog-grid-content\">\n\t\t\t\t\t\t\t\t\t<div class=\"blog-grid-post-date\">\n\t\t\t\t\t\t\t\t\t\t\u2800 \n\t\t\t\t\t\t\t\t\t<\/div>\n\n\t\t\t\t\t\t\t\t\t<h3 class=\"blog-grid-post-title\"><a href=\"\/fi\/6-\u043f\u0440\u0438\u0447\u0438\u043d-\u0432\u044b\u0431\u0440\u0430\u0442\u044c-\u0431\u0435\u0437\u0440\u0430\u043c\u043d\u043e\u0435-\u043e\u0441\u0442\u0435\u043a\u043b\u0435\u043d\u0438\u0435\/\">6 SYYT\u00c4 VALITA ILMAN\u0420\u0410\u041c\u041d\u041e\u0415 \u041e\u0421\u0422\u0415\u041a\u041b\u0415\u041d\u0418\u0415.<\/a><\/h3>\t\t\t\t\t\t\t\t\t\n\t\t\t\t\t\t\t\t\t\t\t\t\t\t\t\t\t\t<div class=\"blog-grid-post-excerpt\">\n\t\t\t\t\t\t\t\t\t\t<p>\u041f\u0430\u043d\u043e\u0440\u0430\u043c\u043d\u044b\u0435 \u043e\u043a\u043d\u0430 \u0434\u0435\u043b\u0430\u044e\u0442 \u0432\u0438\u0434 \u0437\u0430 \u0441\u0442\u0435\u043a\u043b\u043e\u043c \u0431\u043e\u043b\u0435\u0435 \u0436\u0438\u0432\u043e\u043f\u0438\u0441\u043d\u044b\u043c, \u0438 \u0440\u0430\u043d\u044c\u0448\u0435 t\u00e4llaisia voidaan oli n\u00e4hd\u00e4 \u0440\u0430\u0437\u0432\u0435 ett\u00e4 in \u0444\u0438\u043b\u044c\u043c\u0430\u0445. \u0422\u0435\u043f\u0435\u0440\u044c \u0436\u0435 \u043d\u0430 \u0440\u044b\u043d\u043a\u0435 \u0434\u043e\u0441\u0442\u0443\u043f\u043d\u043e \u043c\u043d\u043e\u0436\u0435\u0441\u0442\u0432\u043e ratkaisuja, \u0441\u0440\u0435\u0434\u0438 \u043a\u043e\u0442\u043e\u0440\u044b\u0445 on \u0438 \u0431\u044e\u0434\u0436\u0435\u0442\u043d\u044b\u0435 vaihtoehtoja.<\/p>\n\t\t\t\t\t\t\t\t\t<\/div>\n\t\t\t\t\t\t\t\t\t\t\n<div class=\"blog-grid-post-info\">\n\t\t\t\t\t\t\t\t\t\t<div class=\"blog-grid-post-category\"><a href=\"\/fi\/category-pivot\/\" rel=\"category tag\">Pivot<\/a>, <a href=\"\/fi\/category-slide\/\" rel=\"category tag\">Slide<\/a>, <a href=\"\/fi\/category-duo\/\" rel=\"category tag\">Duo<\/a><\/div><\/div>\n\t\n\t\t\t\t\t\t\t\t\t<a href=\"\/fi\/6-\u043f\u0440\u0438\u0447\u0438\u043d-\u0432\u044b\u0431\u0440\u0430\u0442\u044c-\u0431\u0435\u0437\u0440\u0430\u043c\u043d\u043e\u0435-\u043e\u0441\u0442\u0435\u043a\u043b\u0435\u043d\u0438\u0435\/\" class=\"blog-grid-link a-btn-arrow-2\">\n\t\t\t\t\t\t\t\t\t\t<span class=\"arrow-right\"><\/span>\n\t\t\t\t\t\t\t\t\t\tLUE LIS\u00c4\u00c4\t\t\t\t\t\t\t\t\t<\/a>\n\n\t\t\t\t\t\t\t\t<\/div>\n\t\t\t\t\t\t\t<\/div>\n\t\t\t\t\t\t<\/div>\n\t\t\t\t\t\t\t\t\t\t\t<!--<div class=\"post-1095 post type-post status-publish format-standard has-post-thumbnail hentry category-uncategorized blog-post col-sm-6 col-xs-12 js-filter-simple-block\">\n\t\t\t\t\t\t\t\n\t\t\t\t\t\t\t<div class=\"prague-blog-grid-wrapper\">\n\t\t\t\t\t\t\t\t\n\t\t\t\t\t\t\t\t\n\t\t\t\t\t\t\t\t\t\t\t\t\t\t\t\t\t\t<div class=\"blog-grid-img s-back-switch\" style=\"background-image: url(&quot;https:\/\/prague.foxthemes.me\/wp-content\/uploads\/2017\/02\/34ddf446488615.5856b7e039657-877x1024.jpg&quot;);\">\n\t\t\t\t\t\t\t\t\t\t<img decoding=\"async\" width=\"877\" height=\"1024\" src=\"https:\/\/prague.foxthemes.me\/wp-content\/uploads\/2017\/02\/34ddf446488615.5856b7e039657-877x1024.jpg\" class=\"s-img-switch wp-post-image\" alt=\"\" loading=\"lazy\" srcset=\"https:\/\/prague.foxthemes.me\/wp-content\/uploads\/2017\/02\/34ddf446488615.5856b7e039657-877x1024.jpg 877w, https:\/\/prague.foxthemes.me\/wp-content\/uploads\/2017\/02\/34ddf446488615.5856b7e039657-257x300.jpg 257w, https:\/\/prague.foxthemes.me\/wp-content\/uploads\/2017\/02\/34ddf446488615.5856b7e039657-768x896.jpg 768w, https:\/\/prague.foxthemes.me\/wp-content\/uploads\/2017\/02\/34ddf446488615.5856b7e039657.jpg 1285w\" sizes=\"auto, (max-width: 877px) 100vw, 877px\" style=\"display: none;\">\t\t\t\t\t\t\t\t\t<\/div>\n\t\t\t\t\t\t\t\t\t\t\t\t\t\t\t\t\t\n\t\t\t\t\t\t\t\t<div class=\"blog-grid-content\">\n\t\t\t\t\t\t\t\t\t<div class=\"blog-grid-post-date\">\n\t\t\t\t\t\t\t\t\t\t&#x2800; \n\t\t\t\t\t\t\t\t\t<\/div>\n\n\t\t\t\t\t\t\t\t\t<h3 class=\"blog-grid-post-title\"><a href=\"\/blog-content-1\/\">Creature interior<\/a><\/h3>\t\t\t\t\t\t\t\t\t\n\t\t\t\t\t\t\t\t\t\t\t\t\t\t\t\t\t\t<div class=\"blog-grid-post-excerpt\">\n\t\t\t\t\t\t\t\t\t\t<p>We design a new building on Nickelodeon\u2019s Burbank campus makes the \u201cpages\u201d : \u201cThe new state-of-the-art five-story glass structure will \u2026<\/p>\n\t\t\t\t\t\t\t\t\t<\/div>\n\t\t\t\t\t\t\t\t\t\t\n\t\t\t\t\t\t\t\t\t<a href=\"\/blog-content-1\/\" class=\"blog-grid-link a-btn-arrow-2\">\n\t\t\t\t\t\t\t\t\t\t<span class=\"arrow-right\"><\/span>\n\t\t\t\t\t\t\t\t\t\tREAD MORE\t\t\t\t\t\t\t\t\t<\/a>\n\n\t\t\t\t\t\t\t\t<\/div>\n\t\t\t\t\t\t\t<\/div>\n\t\t\t\t\t\t<\/div>-->\n\t\t\t\t\t\t\t\t\t\t\t<!--<div class=\"post-1093 post type-post status-publish format-standard has-post-thumbnail hentry category-uncategorized blog-post col-sm-6 col-xs-12 js-filter-simple-block\">\n\t\t\t\t\t\t\t\n\t\t\t\t\t\t\t<div class=\"prague-blog-grid-wrapper\">\n\t\t\t\t\t\t\t\t\n\t\t\t\t\t\t\t\t\n\t\t\t\t\t\t\t\t\t\t\t\t\t\t\t\t\t\t<div class=\"blog-grid-img s-back-switch\" style=\"background-image: url(&quot;https:\/\/prague.foxthemes.me\/wp-content\/uploads\/2017\/01\/AdobeStock_74548514-1024x682.jpg&quot;);\">\n\t\t\t\t\t\t\t\t\t\t<img decoding=\"async\" width=\"1024\" height=\"682\" src=\"https:\/\/prague.foxthemes.me\/wp-content\/uploads\/2017\/01\/AdobeStock_74548514-1024x682.jpg\" class=\"s-img-switch wp-post-image\" alt=\"\" loading=\"lazy\" srcset=\"https:\/\/prague.foxthemes.me\/wp-content\/uploads\/2017\/01\/AdobeStock_74548514-1024x682.jpg 1024w, https:\/\/prague.foxthemes.me\/wp-content\/uploads\/2017\/01\/AdobeStock_74548514-300x200.jpg 300w, https:\/\/prague.foxthemes.me\/wp-content\/uploads\/2017\/01\/AdobeStock_74548514-768x512.jpg 768w, https:\/\/prague.foxthemes.me\/wp-content\/uploads\/2017\/01\/AdobeStock_74548514.jpg 2000w\" sizes=\"auto, (max-width: 1024px) 100vw, 1024px\" style=\"display: none;\">\t\t\t\t\t\t\t\t\t<\/div>\n\t\t\t\t\t\t\t\t\t\t\t\t\t\t\t\t\t\n\t\t\t\t\t\t\t\t<div class=\"blog-grid-content\">\n\t\t\t\t\t\t\t\t\t<div class=\"blog-grid-post-date\">\n\t\t\t\t\t\t\t\t\t\t&#x2800; \n\t\t\t\t\t\t\t\t\t<\/div>\n\n\t\t\t\t\t\t\t\t\t<h3 class=\"blog-grid-post-title\"><a href=\"\/blog-content-1\/\">How to discover Yourself in 7 steps<\/a><\/h3>\t\t\t\t\t\t\t\t\t\n\t\t\t\t\t\t\t\t\t\t\t\t\t\t\t\t\t\t<div class=\"blog-grid-post-excerpt\">\n\t\t\t\t\t\t\t\t\t\t<p>Everyone wants to know their inner calling, and that includes me. We know that if we only know \u2026<\/p>\n\t\t\t\t\t\t\t\t\t<\/div>\n\t\t\t\t\t\n\t\t\t\t\t\t\t\t\t<a href=\"\/blog-content-1\/\" class=\"blog-grid-link a-btn-arrow-2\">\n\t\t\t\t\t\t\t\t\t\t<span class=\"arrow-right\"><\/span>\n\t\t\t\t\t\t\t\t\t\tREAD MORE\t\t\t\t\t\t\t\t\t<\/a>\n\n\t\t\t\t\t\t\t\t<\/div>\n\t\t\t\t\t\t\t<\/div>\n\t\t\t\t\t\t<\/div>-->\n\t\t\t\t\t\t\t\t\t<\/div>\n\t\t<\/div>\n\t<\/div>\n<\/div><\/div><\/div><\/div>\n<\/div>","protected":false},"excerpt":{"rendered":"UUTISKIRJE T\u00e4\u00e4ll\u00e4 jaamme ajatuksiamme. \u2800 CLAROFLEX\u00ae DUO TEKEE P\u00c4IVIST\u00c4SI VALOISAMPIA JA ILOISEMPIA! Claroflex-kaksoislasij\u00e4rjestelm\u00e4","protected":false},"author":1,"featured_media":0,"parent":0,"menu_order":0,"comment_status":"closed","ping_status":"closed","template":"","meta":{"footnotes":""},"class_list":["post-6762","page","type-page","status-publish","hentry"],"featured_image_src":"","featured_image_src_square":"","_links":{"self":[{"href":"https:\/\/claroflex.com\/fi\/wp-json\/wp\/v2\/pages\/6762","targetHints":{"allow":["GET"]}}],"collection":[{"href":"https:\/\/claroflex.com\/fi\/wp-json\/wp\/v2\/pages"}],"about":[{"href":"https:\/\/claroflex.com\/fi\/wp-json\/wp\/v2\/types\/page"}],"author":[{"embeddable":true,"href":"https:\/\/claroflex.com\/fi\/wp-json\/wp\/v2\/users\/1"}],"replies":[{"embeddable":true,"href":"https:\/\/claroflex.com\/fi\/wp-json\/wp\/v2\/comments?post=6762"}],"version-history":[{"count":6,"href":"https:\/\/claroflex.com\/fi\/wp-json\/wp\/v2\/pages\/6762\/revisions"}],"predecessor-version":[{"id":7377,"href":"https:\/\/claroflex.com\/fi\/wp-json\/wp\/v2\/pages\/6762\/revisions\/7377"}],"wp:attachment":[{"href":"https:\/\/claroflex.com\/fi\/wp-json\/wp\/v2\/media?parent=6762"}],"curies":[{"name":"wp","href":"https:\/\/api.w.org\/{rel}","templated":true}]}}