{"id":6387,"date":"2022-11-14T14:15:02","date_gmt":"2022-11-14T13:15:02","guid":{"rendered":"https:\/\/claroflex.com\/?page_id=6387"},"modified":"2025-07-11T10:27:25","modified_gmt":"2025-07-11T09:27:25","slug":"work-with-us","status":"publish","type":"page","link":"https:\/\/claroflex.com\/fi\/work-with-us\/","title":{"rendered":"Ty\u00f6skentele kanssamme"},"content":{"rendered":"<div class=\"wpb-content-wrapper\"><div class=\"vc_row wpb_row vc_row-fluid\"><div class=\"wpb_column vc_column_container vc_col-sm-12 \"><div class=\"vc_column-inner \"><div class=\"wpb_wrapper\"><div class=\"vc_empty_space\"   style=\"height: 3rem\"><span class=\"vc_empty_space_inner\"><\/span><\/div><\/div><\/div><\/div><\/div><div class=\"vc_row wpb_row vc_row-fluid\"><div class=\"wpb_column vc_column_container vc_col-sm-12 \"><div class=\"vc_column-inner \"><div class=\"wpb_wrapper\">\n\t<div class=\"wpb_text_column wpb_content_element  title_box\" >\n\t\t<div class=\"wpb_wrapper\">\n\t\t\t<p>WORK WITH US<\/p>\n\n\t\t<\/div>\n\t<\/div>\n<\/div><\/div><\/div><\/div><div class=\"vc_row wpb_row vc_row-fluid\"><div class=\"wpb_column vc_column_container vc_col-sm-12 \"><div class=\"vc_column-inner \"><div class=\"wpb_wrapper\">\n\t<div class=\"wpb_text_column wpb_content_element \" >\n\t\t<div class=\"wpb_wrapper\">\n\t\t\t<p>If you would like to have the opportunity to grow professionally in a company with a solid base and a great future, do not hesitate to complete this form attaching your CV.<\/p>\n\n\t\t<\/div>\n\t<\/div>\n[vc_formidable form=&#8221;10&#8243; el_class=&#8221;form-contacto upload-file&#8221;]<\/div><\/div><\/div><\/div><div class=\"vc_row wpb_row vc_row-fluid\"><div class=\"wpb_column vc_column_container vc_col-sm-12 \"><div class=\"vc_column-inner \"><div class=\"wpb_wrapper\"><div class=\"vc_empty_space\"   style=\"height: 2rem\"><span class=\"vc_empty_space_inner\"><\/span><\/div><\/div><\/div><\/div><\/div>\n<\/div>","protected":false},"excerpt":{"rendered":"TY\u00d6SKENTELE MEID\u00c4N KANSSA Jos haluat mahdollisuuden kasvaa ammatillisesti yrityksess\u00e4, jolla on vankka","protected":false},"author":4,"featured_media":0,"parent":0,"menu_order":0,"comment_status":"closed","ping_status":"closed","template":"","meta":{"footnotes":""},"class_list":["post-6387","page","type-page","status-publish","hentry"],"featured_image_src":"","featured_image_src_square":"","_links":{"self":[{"href":"https:\/\/claroflex.com\/fi\/wp-json\/wp\/v2\/pages\/6387","targetHints":{"allow":["GET"]}}],"collection":[{"href":"https:\/\/claroflex.com\/fi\/wp-json\/wp\/v2\/pages"}],"about":[{"href":"https:\/\/claroflex.com\/fi\/wp-json\/wp\/v2\/types\/page"}],"author":[{"embeddable":true,"href":"https:\/\/claroflex.com\/fi\/wp-json\/wp\/v2\/users\/4"}],"replies":[{"embeddable":true,"href":"https:\/\/claroflex.com\/fi\/wp-json\/wp\/v2\/comments?post=6387"}],"version-history":[{"count":20,"href":"https:\/\/claroflex.com\/fi\/wp-json\/wp\/v2\/pages\/6387\/revisions"}],"predecessor-version":[{"id":8018,"href":"https:\/\/claroflex.com\/fi\/wp-json\/wp\/v2\/pages\/6387\/revisions\/8018"}],"wp:attachment":[{"href":"https:\/\/claroflex.com\/fi\/wp-json\/wp\/v2\/media?parent=6387"}],"curies":[{"name":"wp","href":"https:\/\/api.w.org\/{rel}","templated":true}]}}