{"id":4723,"date":"2022-06-09T10:36:56","date_gmt":"2022-06-09T09:36:56","guid":{"rendered":"https:\/\/claroflex.com\/?page_id=4723"},"modified":"2022-08-18T10:45:42","modified_gmt":"2022-08-18T09:45:42","slug":"cookie-policy","status":"publish","type":"page","link":"https:\/\/claroflex.com\/fi\/cookie-policy\/","title":{"rendered":"Ev\u00e4stek\u00e4yt\u00e4nn\u00f6t"},"content":{"rendered":"<div class=\"wpb-content-wrapper\"><div class=\"vc_row wpb_row vc_row-fluid\"><div class=\"wpb_column vc_column_container vc_col-sm-12\"><div class=\"vc_column-inner\"><div class=\"wpb_wrapper\"><div class=\"vc_empty_space\"   style=\"height: 6rem\"><span class=\"vc_empty_space_inner\"><\/span><\/div><\/div><\/div><\/div><\/div><div class=\"vc_row wpb_row vc_row-fluid\"><div class=\"wpb_column vc_column_container vc_col-sm-12\"><div class=\"vc_column-inner\"><div class=\"wpb_wrapper\">\n\t<div class=\"wpb_text_column wpb_content_element\" >\n\t\t<div class=\"wpb_wrapper\">\n\t\t\t<h2 class=\"prague-post-content-outer\" style=\"letter-spacing: .9px; color: #111; margin-top: 0; margin-bottom: 0;\">Ev\u00e4stek\u00e4yt\u00e4nn\u00f6t<\/h2>\n\n\t\t<\/div>\n\t<\/div>\n<\/div><\/div><\/div><\/div><div class=\"vc_row wpb_row vc_row-fluid\"><div class=\"wpb_column vc_column_container vc_col-sm-12\"><div class=\"vc_column-inner\"><div class=\"wpb_wrapper\">\n\t<div class=\"wpb_text_column wpb_content_element\" >\n\t\t<div class=\"wpb_wrapper\">\n\t\t\t<div class=\"cli_pg_page_contaner\">\n<h3>Lis\u00e4\u00e4 ev\u00e4stek\u00e4yt\u00e4nteist\u00e4<\/h3>\n<div>\n<p>N\u00e4m\u00e4 ev\u00e4stek\u00e4yt\u00e4nn\u00f6t selostavat mit\u00e4 ev\u00e4steet ovat, kuinka niit\u00e4 k\u00e4ytet\u00e4\u00e4n, millaisia ev\u00e4steit\u00e4 k\u00e4yt\u00e4mme, millaista tietoa ker\u00e4\u00e4mme niill\u00e4, miten k\u00e4yt\u00e4mme ker\u00e4ttyj\u00e4 tietoja ja kuinka voit vaikuttaa ev\u00e4stevalintoihin. Jos haluat lis\u00e4tietoa siit\u00e4, kuinka k\u00e4yt\u00e4mme, s\u00e4ilyt\u00e4mme ja pid\u00e4mme ker\u00e4tyt tiedot tallessa, katso Yksityisyysk\u00e4yt\u00e4nt\u00f6mme.<\/p>\n<p>Voit koska vain muuttaa tai peruuttaa suostumuksesi Ev\u00e4stek\u00e4yt\u00e4nn\u00f6ist\u00e4mme verkkosivuillamme.<br \/>\nLue lis\u00e4\u00e4 siit\u00e4, keit\u00e4 olemme, kuinka voit ottaa yhteytt\u00e4 ja kuinka k\u00e4sittelemme henkil\u00f6tietoja Yksityisyysk\u00e4yt\u00e4nn\u00f6ist\u00e4.<br \/>\nSuostumuksesi koskee seuraavia verkkosivuja: claroflex.com<br \/>\n<div class=\"cli_user_consent_state\">Tila: Ei suostumusta annettu. <a class=\"cli_manage_current_consent\" style=\"cursor:pointer;text-decoration:underline;\">Hallitse suostumustasi.<\/a> <\/div>\n<\/div>\n<h3>Mit\u00e4 ev\u00e4steet ovat?<\/h3>\n<div>Ev\u00e4steet ovat pieni\u00e4 tekstitiedostoja, joita k\u00e4ytet\u00e4\u00e4n pienien datam\u00e4\u00e4rien s\u00e4ilytykseen. Niit\u00e4 s\u00e4ilytet\u00e4\u00e4n laitteellasi, kun verkkosivu on latautunut selaimellasi. N\u00e4m\u00e4 ev\u00e4steet auttavat verkkosivujen toiminnan parantamisessa, turvallisuuden parantamisessa, parantamaan k\u00e4ytt\u00f6kokemusta, ja auttavat meit\u00e4 analysoimaan sivuston toimintaa.<\/div>\n<h3>Mihin ev\u00e4steit\u00e4 k\u00e4ytet\u00e4\u00e4n?<\/h3>\n<div>\n<p>Kuten useimmat Online-palvelut, verkkosivumme k\u00e4ytt\u00e4\u00e4 ev\u00e4steit\u00e4 useaan tarkoitukseen. Ensimm\u00e4isen osapuolen ev\u00e4steet ovat tarpeellisia verkkosivujen oikeanlaisen toiminnan varmistamiseksi, ja ne eiv\u00e4t ker\u00e4\u00e4 henkil\u00f6tietoja.<\/p>\n<p>Kolmannen osapuolen ev\u00e4steit\u00e4 k\u00e4ytet\u00e4\u00e4n sivuillamme l\u00e4hinn\u00e4 ymm\u00e4rt\u00e4m\u00e4\u00e4n verkkosivujemme suorituskyky\u00e4, mit\u00e4 toimintoja verkkosivuillamme tehd\u00e4\u00e4n, parantamaan verkkosivujen turvallisuutta, esitt\u00e4m\u00e4\u00e4n sinulle oleellisia mainoksia, ja kaikkiaan parantamaan k\u00e4ytt\u00f6kokemusta ja nopeuttamaan jatkossa sivuillamme tapahtuvia toimintoja.<\/p>\n<\/div>\n<h3>Millaisia ev\u00e4steit\u00e4 k\u00e4yt\u00e4mme?<\/h3>\n<div>\n<p>T\u00e4rke\u00e4t: Jotkin ev\u00e4steet ovat t\u00e4rkeit\u00e4 verkkosivujemme kaikkien toimintojemme mahdollistamiseksi. Ne mahdollistavat k\u00e4ytt\u00e4j\u00e4sessioiden hallinnoimisen ja est\u00e4v\u00e4t turvallisuusuhat. Niill\u00e4 ei ker\u00e4t\u00e4 tai s\u00e4ilytet\u00e4 henkil\u00f6tietoja. N\u00e4ill\u00e4 ev\u00e4steill\u00e4 mahdollistetaan esimerkiksi tilillesi kirjautuminen ja tuotteiden lis\u00e4\u00e4minen ostoskoriin sek\u00e4 ostotaphtuman turvallisuus.<\/p>\n<p>Tilastot: N\u00e4it\u00e4 ev\u00e4steit\u00e4 k\u00e4ytet\u00e4\u00e4n tiettyjen tietojen s\u00e4ilytykseen, kuten k\u00e4vij\u00e4m\u00e4\u00e4rien, miss\u00e4 verkkosivujen osassa on k\u00e4yty, vierailun alkuper\u00e4 yms. T\u00e4m\u00e4 data auttaa meit\u00e4 ymm\u00e4rt\u00e4m\u00e4\u00e4n kuinka hyvin verkkosivut toimivat ja mit\u00e4 parannuksia tulee tehd\u00e4.<\/p>\n<p>Markkinointi: Verkkosivuillamme on mainoksia. N\u00e4m\u00e4 ev\u00e4steet mahdollistavat yksil\u00f6llisten mainosten kohdistamisen. N\u00e4m\u00e4 ev\u00e4steet auttavat my\u00f6s meit\u00e4 arvioimaan n\u00e4iden mainoskampanjoiden tehokkuutta.<br \/>\nMy\u00f6s kolmannen osapuolen mainostajat voivat k\u00e4ytt\u00e4\u00e4 n\u00e4ill\u00e4 ev\u00e4steill\u00e4 ker\u00e4ttyj\u00e4 tietoja mainosten n\u00e4ytt\u00e4miseksi muilla verkkosivuilla.<\/p>\n<p>Toiminnallinen: N\u00e4m\u00e4 ev\u00e4steet auttavat tiettyjen ominaisuuksien toiminnassa verkkosivuillamme. T\u00e4llaisia ominaisuuksia ovat esimerkiksi videoiden sijoittaminen verkkosivuille tai verkkosivujen sis\u00e4lt\u00f6jen jakaminen sosiaaliseen mediaan.<\/p>\n<p>Valinnat: N\u00e4m\u00e4 ev\u00e4steet mahdollistavat tekemiesi valintojen tallentamisen , kuten kielivalinnat, jotta tulevaisuudessa k\u00e4ytt\u00f6kokemus olisi parempi.<br \/>\n<p>Alla oleva luettelo n\u00e4ytt\u00e4\u00e4 verkkosivustollamme k\u00e4ytetyt ev\u00e4steet.<\/p><table class=\"cookielawinfo-row-cat-table cookielawinfo-classic\"><thead><tr><th class=\"cookielawinfo-column-1\">Keksi<\/th><th class=\"cookielawinfo-column-4\">Kuvaus<\/th><\/tr><\/thead><tbody><tr class=\"cookielawinfo-row\"><td class=\"cookielawinfo-column-1\">cookielawinfo-checkbox-analytics<\/td><td class=\"cookielawinfo-column-4\">T\u00e4st\u00e4 ev\u00e4steest\u00e4 s\u00e4\u00e4det\u00e4\u00e4n GDPR:n Ev\u00e4ste-suostumus-liitteess\u00e4 ja sit\u00e4 k\u00e4ytet\u00e4\u00e4n tiedon tallentamiseen siit\u00e4, onko k\u00e4ytt\u00e4j\u00e4 suostunut ev\u00e4steiden k\u00e4ytt\u00f6\u00f6n kategoriassa \"Analytiikka\".<\/td><\/tr><tr class=\"cookielawinfo-row\"><td class=\"cookielawinfo-column-1\">cookielawinfo-checkbox-functional<\/td><td class=\"cookielawinfo-column-4\">T\u00e4st\u00e4 ev\u00e4steest\u00e4 s\u00e4\u00e4det\u00e4\u00e4n GDPR:n Ev\u00e4ste-suostumus-liitteess\u00e4 ja sit\u00e4 k\u00e4ytet\u00e4\u00e4n tiedon tallentamiseen siit\u00e4, onko k\u00e4ytt\u00e4j\u00e4 suostunut ev\u00e4steiden k\u00e4ytt\u00f6\u00f6n kategoriassa \"Toiminnalliset\".<\/td><\/tr><tr class=\"cookielawinfo-row\"><td class=\"cookielawinfo-column-1\">cookielawinfo-checkbox-necessary<\/td><td class=\"cookielawinfo-column-4\">T\u00e4st\u00e4 ev\u00e4steest\u00e4 s\u00e4\u00e4det\u00e4\u00e4n GDPR:n Ev\u00e4ste-suostumus-liitteess\u00e4 ja sit\u00e4 k\u00e4ytet\u00e4\u00e4n tiedon tallentamiseen siit\u00e4, onko k\u00e4ytt\u00e4j\u00e4 suostunut ev\u00e4steiden k\u00e4ytt\u00f6\u00f6n kategoriassa \"V\u00e4ltt\u00e4m\u00e4tt\u00f6m\u00e4t\".<\/td><\/tr><tr class=\"cookielawinfo-row\"><td class=\"cookielawinfo-column-1\">cookielawinfo-checkbox-others<\/td><td class=\"cookielawinfo-column-4\">T\u00e4st\u00e4 ev\u00e4steest\u00e4 s\u00e4\u00e4det\u00e4\u00e4n GDPR:n Ev\u00e4ste-suostumus-liitteess\u00e4 ja sit\u00e4 k\u00e4ytet\u00e4\u00e4n tiedon tallentamiseen siit\u00e4, onko k\u00e4ytt\u00e4j\u00e4 suostunut ev\u00e4steiden k\u00e4ytt\u00f6\u00f6n kategoriassa \"Muut\".<\/td><\/tr><tr class=\"cookielawinfo-row\"><td class=\"cookielawinfo-column-1\">cookielawinfo-checkbox-performance<\/td><td class=\"cookielawinfo-column-4\">T\u00e4st\u00e4 ev\u00e4steest\u00e4 s\u00e4\u00e4det\u00e4\u00e4n GDPR:n Ev\u00e4ste-suostumus-liitteess\u00e4 ja sit\u00e4 k\u00e4ytet\u00e4\u00e4n tiedon tallentamiseen siit\u00e4, onko k\u00e4ytt\u00e4j\u00e4 suostunut ev\u00e4steiden k\u00e4ytt\u00f6\u00f6n kategoriassa \"Suorituskyky\".<\/td><\/tr><tr class=\"cookielawinfo-row\"><td class=\"cookielawinfo-column-1\">viewed_cookie_policy<\/td><td class=\"cookielawinfo-column-4\">T\u00e4st\u00e4 ev\u00e4steest\u00e4 s\u00e4\u00e4det\u00e4\u00e4n GDPR:n Ev\u00e4ste-suostumus-liitteess\u00e4 ja sit\u00e4 k\u00e4ytet\u00e4\u00e4n tiedon tallentamiseen siit\u00e4, onko k\u00e4ytt\u00e4j\u00e4 suostunut ev\u00e4steiden k\u00e4ytt\u00f6\u00f6n. Se ei ker\u00e4\u00e4 mit\u00e4\u00e4n henkil\u00f6tietoja.<\/td><\/tr><\/tbody><\/table><\/p>\n<\/div>\n<h3>Kuinka voin hallinnoida ev\u00e4stevalintoja?<\/h3>\n<div>\n<p>Jos haluat my\u00f6hemmin muuttaa valintojasi, klikkaa \"<a class=\"cli_manage_current_consent\" style=\"cursor: pointer; text-decoration: underline;\">Yksityisyys ja Ev\u00e4stek\u00e4yt\u00e4nn\u00f6t<\/a>\". T\u00e4m\u00e4 tuo uudelleen esiin suostumus-ilmoituksen ja antaa sinun muuttaa valintojasi tai peruuttaa antamasi suostumuksen kokonaan.<\/p>\n<p>Lis\u00e4ksi eri selaimet tarjoavat erilaisia tapoja est\u00e4\u00e4 tai poistaa verkkosivujen k\u00e4ytt\u00e4mi\u00e4 ev\u00e4steit\u00e4. Voit muuttaa selaimesi asetuksia ev\u00e4steiden est\u00e4miseksi\/poistamiseksi. Lis\u00e4tietoa ev\u00e4steiden hallinnasta ja poistamisesta l\u00f6ytyy sivuilta<\/p>\n<\/div>\n<\/div>\n\n\t\t<\/div>\n\t<\/div>\n<\/div><\/div><\/div><\/div><div class=\"vc_row wpb_row vc_row-fluid\"><div class=\"wpb_column vc_column_container vc_col-sm-12\"><div class=\"vc_column-inner\"><div class=\"wpb_wrapper\"><div class=\"vc_empty_space\"   style=\"height: 3rem\"><span class=\"vc_empty_space_inner\"><\/span><\/div><\/div><\/div><\/div><\/div>\n<\/div>","protected":false},"excerpt":{"rendered":"Ev\u00e4stek\u00e4yt\u00e4nt\u00f6 Tietoa t\u00e4st\u00e4 ev\u00e4stek\u00e4yt\u00e4nn\u00f6st\u00e4 T\u00e4m\u00e4 ev\u00e4stek\u00e4yt\u00e4nt\u00f6 selitt\u00e4\u00e4, mit\u00e4 ev\u00e4steet ovat ja miten k\u00e4yt\u00e4mme niit\u00e4, ev\u00e4steiden tyypit","protected":false},"author":4,"featured_media":0,"parent":0,"menu_order":0,"comment_status":"closed","ping_status":"closed","template":"","meta":{"footnotes":""},"class_list":["post-4723","page","type-page","status-publish","hentry"],"featured_image_src":"","featured_image_src_square":"","_links":{"self":[{"href":"https:\/\/claroflex.com\/fi\/wp-json\/wp\/v2\/pages\/4723","targetHints":{"allow":["GET"]}}],"collection":[{"href":"https:\/\/claroflex.com\/fi\/wp-json\/wp\/v2\/pages"}],"about":[{"href":"https:\/\/claroflex.com\/fi\/wp-json\/wp\/v2\/types\/page"}],"author":[{"embeddable":true,"href":"https:\/\/claroflex.com\/fi\/wp-json\/wp\/v2\/users\/4"}],"replies":[{"embeddable":true,"href":"https:\/\/claroflex.com\/fi\/wp-json\/wp\/v2\/comments?post=4723"}],"version-history":[{"count":24,"href":"https:\/\/claroflex.com\/fi\/wp-json\/wp\/v2\/pages\/4723\/revisions"}],"predecessor-version":[{"id":5912,"href":"https:\/\/claroflex.com\/fi\/wp-json\/wp\/v2\/pages\/4723\/revisions\/5912"}],"wp:attachment":[{"href":"https:\/\/claroflex.com\/fi\/wp-json\/wp\/v2\/media?parent=4723"}],"curies":[{"name":"wp","href":"https:\/\/api.w.org\/{rel}","templated":true}]}}