{"id":4723,"date":"2022-06-09T10:36:56","date_gmt":"2022-06-09T09:36:56","guid":{"rendered":"https:\/\/claroflex.com\/?page_id=4723"},"modified":"2022-08-18T10:45:42","modified_gmt":"2022-08-18T09:45:42","slug":"cookie-policy","status":"publish","type":"page","link":"https:\/\/claroflex.com\/es\/cookie-policy\/","title":{"rendered":"Pol\u00edtica de cookies"},"content":{"rendered":"<div class=\"wpb-content-wrapper\"><div class=\"vc_row wpb_row vc_row-fluid\"><div class=\"wpb_column vc_column_container vc_col-sm-12\"><div class=\"vc_column-inner\"><div class=\"wpb_wrapper\"><div class=\"vc_empty_space\"   style=\"height: 6rem\"><span class=\"vc_empty_space_inner\"><\/span><\/div><\/div><\/div><\/div><\/div><div class=\"vc_row wpb_row vc_row-fluid\"><div class=\"wpb_column vc_column_container vc_col-sm-12\"><div class=\"vc_column-inner\"><div class=\"wpb_wrapper\">\n\t<div class=\"wpb_text_column wpb_content_element\" >\n\t\t<div class=\"wpb_wrapper\">\n\t\t\t<h2 class=\"prague-post-content-outer\" style=\"letter-spacing: .9px; color: #111; margin-top: 0; margin-bottom: 0;\">Pol\u00edtica de cookies<\/h2>\n\n\t\t<\/div>\n\t<\/div>\n<\/div><\/div><\/div><\/div><div class=\"vc_row wpb_row vc_row-fluid\"><div class=\"wpb_column vc_column_container vc_col-sm-12\"><div class=\"vc_column-inner\"><div class=\"wpb_wrapper\">\n\t<div class=\"wpb_text_column wpb_content_element\" >\n\t\t<div class=\"wpb_wrapper\">\n\t\t\t<div class=\"cli_pg_page_contaner\">\n<h3>A prop\u00f3sito de la pol\u00edtica de cookies<\/h3>\n<div>\n<p>Esta pol\u00edtica de cookies define qu\u00e9 son las cookies, qu\u00e9 tipos hay, c\u00f3mo usarlas, etc. Por ejemplo: el tipo de informaci\u00f3n que recolectamos gracias a las cookies y qu\u00e9 uso hacemos de ella, adem\u00e1s de c\u00f3mo controlar las preferencias de estas cookies. Para m\u00e1s informaci\u00f3n relacionada con el uso que hacemos de ellas, vea nuestra Pol\u00edtica de Privacidad.<\/p>\n<p>Puede modificar o desestimar su consentimiento desde el apartado Declaraci\u00f3n de Cookies en nuestra web.<br \/>\nObtenga m\u00e1s informaci\u00f3n sobre qui\u00e9nes somos, c\u00f3mo contactarnos y c\u00f3mo almacenamos su informaci\u00f3n en nuestra Pol\u00edtica de Privacidad.<br \/>\nSu consentimiento se aplicar\u00e1 al siguiente dominio: claroflex.com<br \/>\n<div class=\"cli_user_consent_state\">Tu estado actual: No se ha dado el consentimiento. <a class=\"cli_manage_current_consent\" style=\"cursor:pointer;text-decoration:underline;\">Gestiona tu consentimiento.<\/a> <\/div>\n<\/div>\n<h3>\u00bfQu\u00e9 son las cookies?<\/h3>\n<div>Las cookies son peque\u00f1os archivos de texto usados para almacenar peque\u00f1as cantidades de informaci\u00f3n. Se guardan en su dispositivo una vez se carga la p\u00e1gina en su navegador. Estas cookies tambi\u00e9n ayudan a la web a funcionar correctamente, a hacerla m\u00e1s segura, a mejorar la experiencia del usuario, a entender mejor c\u00f3mo funciona la web y a analizar qu\u00e9 est\u00e1 funcionando y qu\u00e9 aspectos necesitan mejorar.<\/div>\n<h3>\u00bfQu\u00e9 uso hacemos de las cookies?<\/h3>\n<div>\n<p>Como en la mayor\u00eda de los servicios online, nuestra web usa cookies first party y third party para diversos prop\u00f3sitos. Las first party son necesarias mayormente para que la web funcione correctamente, y no recolectan nada relacionado con tu informaci\u00f3n personal.<\/p>\n<p>Las third party cookies usadas en nuestra web se usan principalmente para conocer c\u00f3mo funciona la web, c\u00f3mo usted interact\u00faa con ella, para asegurar la seguridad de los servicios que ofrece, para mostrar anuncios que puedan ser relevantes para usted, y en general para asegurar una buena y mejorada experiencia al usuario y ayudar a agilizar las futuras visitas de \u00e9ste.<\/p>\n<\/div>\n<h3>\u00bfQu\u00e9 tipo de cookies utilizamos?<\/h3>\n<div>\n<p>Esenciales: algunas cookies son esenciales para que usted pueda experimentar la funcionalidad completa de nuestro sitio web. Nos permiten mantener la sesi\u00f3n del usuario y prevenir cualquier amenaza de seguridad. No recolectan ni almacenan informaci\u00f3n personal. Como ejemplo, les diremos que estas cookies le permiten acceder a su cuenta y a\u00f1adir productos a la cesta, adem\u00e1s de cerrar sesi\u00f3n de forma segura.<\/p>\n<p>Estad\u00edsticas: Estas cookies almacenan informaci\u00f3n relacionada con el n\u00famero de visitantes de la web, el n\u00famero de visitantes \u00fanicos, qu\u00e9 p\u00e1ginas de la web han sido visitadas, la fuente de la visita, etc. Esta informaci\u00f3n nos ayuda a entender y analizar si la web funciona correctamente y en qu\u00e9 aspectos puede mejorar.<\/p>\n<p>Marketing: Nuestra web muestra anuncios publicitarios. Estas cookies se usan para personalizar dichos anuncios y que de esta forma puedan ser \u00fatiles para usted. Este tipo de cookies tambi\u00e9n nos ayudan a hacer un seguimiento de estas campa\u00f1as publicitarias.<br \/>\nLa informaci\u00f3n almacenada gracias a estas cookies puede ser usada a su vez por los proveedores de anuncios third party con el fin de mostrarle anuncios tambi\u00e9n en otras webs.<\/p>\n<p>Funcionales: estas cookies ayudan a otras funcionalidades no esenciales de nuestra web. Dichas funcionalidades incluyen contenido integrado como v\u00eddeos o contenido de la web compartido en redes sociales.<\/p>\n<p>Preferenciales: Estas cookies nos ayudan a almacenar tus ajustes y preferencias, tales como el idioma, para una experiencia futura en nuestra web m\u00e1s eficiente y satisfactoria.<br \/>\n<p>La siguiente lista muestra las cookies utilizadas en nuestro sitio web.<\/p><table class=\"cookielawinfo-row-cat-table cookielawinfo-classic\"><thead><tr><th class=\"cookielawinfo-column-1\">Galleta<\/th><th class=\"cookielawinfo-column-4\">Descripci\u00f3n<\/th><\/tr><\/thead><tbody><tr class=\"cookielawinfo-row\"><td class=\"cookielawinfo-column-1\">cookielawinfo-checkbox-analytics<\/td><td class=\"cookielawinfo-column-4\">Esta cookie est\u00e1 definida por el Complemento de Consentimiento de cookies de GDPR. Esta cookie se usa para almacenar el contenido del usuario para las cookies en la categor\u00eda \"Analytics\".<\/td><\/tr><tr class=\"cookielawinfo-row\"><td class=\"cookielawinfo-column-1\">cookielawinfo-checkbox-functional<\/td><td class=\"cookielawinfo-column-4\">Esta cookie est\u00e1 definida por el Complemento de Consentimiento de cookies de GDPR. Esta cookie se usa para almacenar el contenido del usuario para las cookies en la categor\u00eda \"Functional\".<\/td><\/tr><tr class=\"cookielawinfo-row\"><td class=\"cookielawinfo-column-1\">cookielawinfo-checkbox-necessary<\/td><td class=\"cookielawinfo-column-4\">Esta cookie est\u00e1 definida por el Complemento de Consentimiento de cookies de GDPR. Esta cookie se usa para almacenar el contenido del usuario para las cookies en la categor\u00eda \"Necessary\".<\/td><\/tr><tr class=\"cookielawinfo-row\"><td class=\"cookielawinfo-column-1\">cookielawinfo-checkbox-others<\/td><td class=\"cookielawinfo-column-4\">Esta cookie est\u00e1 definida por el Complemento de Consentimiento de cookies de GDPR. Esta cookie se usa para almacenar el contenido del usuario para las cookies en la categor\u00eda \"Other\".<\/td><\/tr><tr class=\"cookielawinfo-row\"><td class=\"cookielawinfo-column-1\">cookielawinfo-checkbox-performance<\/td><td class=\"cookielawinfo-column-4\">Esta cookie est\u00e1 definida por el Complemento de Consentimiento de cookies de GDPR. Esta cookie se usa para almacenar el contenido del usuario para las cookies en la categor\u00eda \"Performance\".<\/td><\/tr><tr class=\"cookielawinfo-row\"><td class=\"cookielawinfo-column-1\">viewed_cookie_policy<\/td><td class=\"cookielawinfo-column-4\">Esta cookie est\u00e1 definida por el Complemento de Consentimiento de cookies de GDPR y se usa para saber si el usuario ha permitido el uso de cookies. No almacena informaci\u00f3n personal.<\/td><\/tr><\/tbody><\/table><\/p>\n<\/div>\n<h3>\u00bfC\u00f3mo gestiono las preferencias de las cookies?<\/h3>\n<div>\n<p>Si decides modificar las preferencias para tu usuario, puedes hacer click en la pesta\u00f1a \"<a class=\"cli_manage_current_consent\" style=\"cursor: pointer; text-decoration: underline;\">Privacidad y Pol\u00edtica de Cookies<\/a>\". De esta forma acceder\u00e1s de nuevo a la secci\u00f3n de consentimiento, permitiendo cambiar las preferencias o desestimar tu consentimiento por completo.<\/p>\n<p>Adicionalmente, la forma de bloquear o eliminar las cookies depender\u00e1 del navegador utilizado. Puedes cambiar los ajustes de tu navegador con el fin de bloquear\/eliminar las cookies. Para m\u00e1s informaci\u00f3n sobre c\u00f3mo gestionar esto, visite www.allaboutcookies.org.<\/p>\n<\/div>\n<\/div>\n\n\t\t<\/div>\n\t<\/div>\n<\/div><\/div><\/div><\/div><div class=\"vc_row wpb_row vc_row-fluid\"><div class=\"wpb_column vc_column_container vc_col-sm-12\"><div class=\"vc_column-inner\"><div class=\"wpb_wrapper\"><div class=\"vc_empty_space\"   style=\"height: 3rem\"><span class=\"vc_empty_space_inner\"><\/span><\/div><\/div><\/div><\/div><\/div>\n<\/div>","protected":false},"excerpt":{"rendered":"Pol\u00edtica de cookies Acerca de esta pol\u00edtica de cookies Esta Pol\u00edtica de cookies explica qu\u00e9 son las cookies y c\u00f3mo las utilizamos, los tipos","protected":false},"author":4,"featured_media":0,"parent":0,"menu_order":0,"comment_status":"closed","ping_status":"closed","template":"","meta":{"footnotes":""},"class_list":["post-4723","page","type-page","status-publish","hentry"],"featured_image_src":"","featured_image_src_square":"","_links":{"self":[{"href":"https:\/\/claroflex.com\/es\/wp-json\/wp\/v2\/pages\/4723","targetHints":{"allow":["GET"]}}],"collection":[{"href":"https:\/\/claroflex.com\/es\/wp-json\/wp\/v2\/pages"}],"about":[{"href":"https:\/\/claroflex.com\/es\/wp-json\/wp\/v2\/types\/page"}],"author":[{"embeddable":true,"href":"https:\/\/claroflex.com\/es\/wp-json\/wp\/v2\/users\/4"}],"replies":[{"embeddable":true,"href":"https:\/\/claroflex.com\/es\/wp-json\/wp\/v2\/comments?post=4723"}],"version-history":[{"count":24,"href":"https:\/\/claroflex.com\/es\/wp-json\/wp\/v2\/pages\/4723\/revisions"}],"predecessor-version":[{"id":5912,"href":"https:\/\/claroflex.com\/es\/wp-json\/wp\/v2\/pages\/4723\/revisions\/5912"}],"wp:attachment":[{"href":"https:\/\/claroflex.com\/es\/wp-json\/wp\/v2\/media?parent=4723"}],"curies":[{"name":"wp","href":"https:\/\/api.w.org\/{rel}","templated":true}]}}