{"id":4629,"date":"2022-06-07T12:23:10","date_gmt":"2022-06-07T11:23:10","guid":{"rendered":"https:\/\/claroflex.com\/?page_id=4629"},"modified":"2026-01-23T10:02:19","modified_gmt":"2026-01-23T09:02:19","slug":"subvencion-feder","status":"publish","type":"page","link":"https:\/\/claroflex.com\/es\/subvencion-feder\/","title":{"rendered":"SUBVENCI\u00d3N - FEDER"},"content":{"rendered":"<div class=\"wpb-content-wrapper\"><div data-vc-full-width=\"true\" data-vc-full-width-init=\"false\" data-vc-stretch-content=\"true\" class=\"vc_row wpb_row vc_row-fluid vc_row-no-padding\"><div class=\"wpb_column vc_column_container vc_col-sm-12 \"><div class=\"vc_column-inner \"><div class=\"wpb_wrapper\">[vc_banner_title style=&#8221;big&#8221; color_style=&#8221;light&#8221; title=&#8221;SUBVENCI\u00d3N FEDER&#8221; img=&#8221;4419&#8243; style_button=&#8221;creative&#8221; enable_overlay=&#8221;true&#8221; enable_fullheight=&#8221;true&#8221; columns=&#8221;%5B%7B%7D%5D&#8221;][\/vc_banner_title]<\/div><\/div><\/div><\/div><div class=\"vc_row-full-width vc_clearfix\"><\/div><div class=\"vc_row wpb_row vc_row-fluid\"><div class=\"wpb_column vc_column_container vc_col-sm-12 \"><div class=\"vc_column-inner \"><div class=\"wpb_wrapper\"><div class=\"vc_empty_space\"   style=\"height: 5rem\"><span class=\"vc_empty_space_inner\"><\/span><\/div><\/div><\/div><\/div><\/div><div class=\"vc_row wpb_row vc_row-fluid\"><div class=\"wpb_column vc_column_container vc_col-sm-4 \"><div class=\"vc_column-inner \"><div class=\"wpb_wrapper\">\n\t<div  class=\"wpb_single_image wpb_content_element vc_align_center\">\n\t\t\n\t\t<figure class=\"wpb_wrapper vc_figure\">\n\t\t\t<div class=\"vc_single_image-wrapper   vc_box_border_grey\"><img loading=\"lazy\" decoding=\"async\" width=\"245\" height=\"107\" src=\"https:\/\/claroflex.com\/wp-content\/uploads\/2022\/06\/4-1.png\" class=\"vc_single_image-img attachment-full\" alt=\"\" title=\"4 1\" srcset=\"https:\/\/claroflex.com\/wp-content\/uploads\/2022\/06\/4-1.png 245w, https:\/\/claroflex.com\/wp-content\/uploads\/2022\/06\/4-1-18x8.png 18w\" sizes=\"auto, (max-width: 245px) 100vw, 245px\"><\/div>\n\t\t<\/figure>\n\t<\/div>\n<div class=\"vc_empty_space\"   style=\"height: 0.5rem\"><span class=\"vc_empty_space_inner\"><\/span><\/div>\n\t<div  class=\"wpb_single_image wpb_content_element vc_align_center   shadow-box-img-feder\">\n\t\t\n\t\t<figure class=\"wpb_wrapper vc_figure\">\n\t\t\t<div class=\"vc_single_image-wrapper   vc_box_border_grey\"><img loading=\"lazy\" decoding=\"async\" width=\"245\" height=\"107\" src=\"https:\/\/claroflex.com\/wp-content\/uploads\/2022\/06\/7-1.jpg\" class=\"vc_single_image-img attachment-full\" alt=\"\" title=\"7 1\" srcset=\"https:\/\/claroflex.com\/wp-content\/uploads\/2022\/06\/7-1.jpg 245w, https:\/\/claroflex.com\/wp-content\/uploads\/2022\/06\/7-1-18x8.jpg 18w\" sizes=\"auto, (max-width: 245px) 100vw, 245px\"><\/div>\n\t\t<\/figure>\n\t<\/div>\n<div class=\"vc_empty_space\"   style=\"height: 0.5rem\"><span class=\"vc_empty_space_inner\"><\/span><\/div>\n\t<div  class=\"wpb_single_image wpb_content_element vc_align_center\">\n\t\t\n\t\t<figure class=\"wpb_wrapper vc_figure\">\n\t\t\t<div class=\"vc_single_image-wrapper   vc_box_border_grey\"><img loading=\"lazy\" decoding=\"async\" width=\"245\" height=\"107\" src=\"https:\/\/claroflex.com\/wp-content\/uploads\/2022\/06\/6-1.png\" class=\"vc_single_image-img attachment-full\" alt=\"\" title=\"6 1\" srcset=\"https:\/\/claroflex.com\/wp-content\/uploads\/2022\/06\/6-1.png 245w, https:\/\/claroflex.com\/wp-content\/uploads\/2022\/06\/6-1-18x8.png 18w\" sizes=\"auto, (max-width: 245px) 100vw, 245px\"><\/div>\n\t\t<\/figure>\n\t<\/div>\n<div class=\"vc_empty_space\"   style=\"height: 0.5rem\"><span class=\"vc_empty_space_inner\"><\/span><\/div><\/div><\/div><\/div><div class=\"wpb_column vc_column_container vc_col-sm-8 \"><div class=\"vc_column-inner \"><div class=\"wpb_wrapper\">\n\t<div class=\"wpb_text_column wpb_content_element  shadow-box-text-feder\" >\n\t\t<div class=\"wpb_wrapper\">\n\t\t\t<p style=\"text-align: left;\">Este proyecto ha sido cofinanciado por el Fondo Europeo de Desarrollo Regional (FEDER) con el objetivo de promover el desarrollo tecnol\u00f3gico, la innovaci\u00f3n y una investigaci\u00f3n de calidad.<\/p>\n<p style=\"text-align: left;\">DISTRIBUIDORA DE SISTEMAS DE CIERRE, S.L.<br \/>\n\u201cDESARROLLO DE NUEVOS CERRAMIENTOS DE CRISTAL<br \/>\nDISE\u00d1ADOS PARA SU INSTALACI\u00d3N EN CLIMAS G\u00c9LIDOS\u201d<\/p>\n<p style=\"text-align: left;\">Una manera de hacer Europa<\/p>\n\n\t\t<\/div>\n\t<\/div>\n<\/div><\/div><\/div><\/div><div class=\"vc_row wpb_row vc_row-fluid\"><div class=\"wpb_column vc_column_container vc_col-sm-12 \"><div class=\"vc_column-inner \"><div class=\"wpb_wrapper\"><div class=\"vc_empty_space\"   style=\"height: 5rem\"><span class=\"vc_empty_space_inner\"><\/span><\/div><\/div><\/div><\/div><\/div><div data-vc-full-width=\"true\" data-vc-full-width-init=\"false\" data-vc-stretch-content=\"true\" class=\"vc_row wpb_row vc_row-fluid vc_custom_1654600829217 vc_row-has-fill vc_row-no-padding\"><div class=\"wpb_column vc_column_container vc_col-sm-12 \"><div class=\"vc_column-inner \"><div class=\"wpb_wrapper\"><div class=\"vc_empty_space\"   style=\"height: 1rem\"><span class=\"vc_empty_space_inner\"><\/span><\/div>\n\t<div class=\"wpb_text_column wpb_content_element  vc_custom_1654671570789\" >\n\t\t<div class=\"wpb_wrapper\">\n\t\t\t<p style=\"text-align: left;\">El objetivo principal del presente proyecto de I+D+i es el desarrollo de nuevos sistemas de acristalamiento para habit\u00e1culos totalmente aislantes, tanto t\u00e9rmica como ac\u00fasticamente, con el fin de que puedan ser instalados en entornos g\u00e9lidos, donde las temperaturas pueden llegar a oscilar en torno a los -40\u00baC.<\/p>\n<p>&nbsp;<\/p>\n<p style=\"text-align: left;\">&#8211; Lugar de ejecuci\u00f3n del proyecto: Calle Jos\u00e9 Calder\u00f3n, Nave 350, Campanillas (M\u00e1laga).<\/p>\n<p style=\"text-align: left;\">&#8211; Plazo de ejecuci\u00f3n del proyecto: 20 de abril de 2020 \u2013 28 de febrero de 2022.<\/p>\n<p style=\"text-align: left;\">&#8211; Presupuesto del proyecto: 394.395,00\u00a0\u20ac.<\/p>\n<p>&nbsp;<\/p>\n<p style=\"text-align: left;\">Esta ayuda est\u00e1 cofinanciada por el Fondo Europeo del Desarrollo Regional (FEDER) a trav\u00e9s del programa operativo plurirregional de Espa\u00f1a 2014-2020.<\/p>\n\n\t\t<\/div>\n\t<\/div>\n<div class=\"vc_empty_space\"   style=\"height: 3rem\"><span class=\"vc_empty_space_inner\"><\/span><\/div><\/div><\/div><\/div><\/div><div class=\"vc_row-full-width vc_clearfix\"><\/div><div data-vc-full-width=\"true\" data-vc-full-width-init=\"false\" data-vc-stretch-content=\"true\" class=\"vc_row wpb_row vc_row-fluid vc_custom_1655292749265 vc_row-has-fill vc_row-no-padding\"><div class=\"wpb_column vc_column_container vc_col-sm-12 \"><div class=\"vc_column-inner \"><div class=\"wpb_wrapper\"><div class=\"vc_empty_space\"   style=\"height: 3rem\"><span class=\"vc_empty_space_inner\"><\/span><\/div>\n\t<div  class=\"wpb_single_image wpb_content_element vc_align_center\">\n\t\t\n\t\t<figure class=\"wpb_wrapper vc_figure\">\n\t\t\t<div class=\"vc_single_image-wrapper   vc_box_border_grey\"><img loading=\"lazy\" decoding=\"async\" width=\"1024\" height=\"577\" src=\"https:\/\/claroflex.com\/wp-content\/uploads\/2022\/06\/ayuda-junta-andalucia-1024x577.jpg\" class=\"vc_single_image-img attachment-large\" alt=\"\" title=\"ayuda-junta-andalucia\" srcset=\"https:\/\/claroflex.com\/wp-content\/uploads\/2022\/06\/ayuda-junta-andalucia-1024x577.jpg 1024w, https:\/\/claroflex.com\/wp-content\/uploads\/2022\/06\/ayuda-junta-andalucia-300x169.jpg 300w, https:\/\/claroflex.com\/wp-content\/uploads\/2022\/06\/ayuda-junta-andalucia-768x433.jpg 768w, https:\/\/claroflex.com\/wp-content\/uploads\/2022\/06\/ayuda-junta-andalucia-1536x866.jpg 1536w, https:\/\/claroflex.com\/wp-content\/uploads\/2022\/06\/ayuda-junta-andalucia-18x10.jpg 18w, https:\/\/claroflex.com\/wp-content\/uploads\/2022\/06\/ayuda-junta-andalucia-500x282.jpg 500w, https:\/\/claroflex.com\/wp-content\/uploads\/2022\/06\/ayuda-junta-andalucia.jpg 1603w\" sizes=\"auto, (max-width: 1024px) 100vw, 1024px\"><\/div>\n\t\t<\/figure>\n\t<\/div>\n<div class=\"vc_empty_space\"   style=\"height: 3rem\"><span class=\"vc_empty_space_inner\"><\/span><\/div><\/div><\/div><\/div><\/div><div class=\"vc_row-full-width vc_clearfix\"><\/div><div data-vc-full-width=\"true\" data-vc-full-width-init=\"false\" data-vc-stretch-content=\"true\" class=\"vc_row wpb_row vc_row-fluid vc_custom_1654600829217 vc_row-has-fill vc_row-no-padding\"><div class=\"wpb_column vc_column_container vc_col-sm-12 \"><div class=\"vc_column-inner \"><div class=\"wpb_wrapper\"><div class=\"vc_empty_space\"   style=\"height: 1rem\"><span class=\"vc_empty_space_inner\"><\/span><\/div>\n\t<div class=\"wpb_text_column wpb_content_element  vc_custom_1654671570789\" >\n\t\t<div class=\"wpb_wrapper\">\n\t\t\t<p style=\"text-align: left;\" align=\"center\"><span style=\"font-size: medium;\"><b>Consejer\u00eda de Transformaci\u00f3n Econ\u00f3mica, Industria, Conocimiento y Universidades Agencia de Innovaci\u00f3n y Desarrollo de Andaluc\u00eda IDEA<\/b><\/span><\/p>\n<p style=\"text-align: left;\" align=\"center\">COMUNICAMOS que con fecha 28\/12\/2020 recibimos el pago de la subvenci\u00f3n, por importe de 75.808,64\u20ac que nos fue concedida al amparo del Decreto Ley 26\/2020 de 13 de octubre, por el que se establece una media extraordinaria y urgente en el \u00e1mbito econ\u00f3mico para facilitar ayudas a las pymes industriales afectadas por las consecuencia econ\u00f3micas de la pandemia SARS-CoV-2, a la entidad DISTRIBUIDORA DE SISTEMAS DE CIERRE SL correspondiente al proyecto denominado Financiaci\u00f3n de las necesidades de capital circulante en el contexto de la crisis de la COVID-19. \u201cIniciativa de inversi\u00f3n en respuesta al coronavirus\u201d,<\/p>\n<p style=\"text-align: left;\" align=\"center\"><span style=\"font-size: large;\">Cofinanciado por la<br \/>\nUni\u00f3n Europea <\/span><span style=\"font-size: medium;\">a trav\u00e9s del <\/span><span style=\"font-size: large;\">Fondo Europeo de Desarrollo Regional, FEDER <\/span><\/p>\n\n\t\t<\/div>\n\t<\/div>\n<div class=\"vc_empty_space\"   style=\"height: 3rem\"><span class=\"vc_empty_space_inner\"><\/span><\/div><\/div><\/div><\/div><\/div><div class=\"vc_row-full-width vc_clearfix\"><\/div><div data-vc-full-width=\"true\" data-vc-full-width-init=\"false\" data-vc-stretch-content=\"true\" class=\"vc_row wpb_row vc_row-fluid vc_custom_1733921075899 vc_row-has-fill vc_row-no-padding\"><div class=\"wpb_column vc_column_container vc_col-sm-12 \"><div class=\"vc_column-inner \"><div class=\"wpb_wrapper\"><div class=\"vc_empty_space\"   style=\"height: 1rem\"><span class=\"vc_empty_space_inner\"><\/span><\/div>\n\t<div class=\"wpb_text_column wpb_content_element  vc_custom_1654671570789\" >\n\t\t<div class=\"wpb_wrapper\">\n\t\t\t<p style=\"text-align: left;\" align=\"center\">El proyecto con n\u00famero de expediente IC4-080010-2021-4 y t\u00edtulo <b>\u201cIMPLANTACI\u00d3N DE TECNLOG\u00cdAS 4.0 PARA LA INNOVACI\u00d3N DEL PROCESO PRODUCTIVO EN LA CADENA DE VALOR DE LA EMPRESA CLAROFLEX\u201d<\/b>, ha sido beneficiario dentro de la convocatoria de ayudas a proyectos de I+D+i en el \u00e1mbito de la Industria Conectada 4.0 (ACTIVA_Financiaci\u00f3n) en el a\u00f1o 2021, estando esta convocatoria de ayudas cofinanciada por el Mecanismo de Recuperaci\u00f3n y Resiliencia de la Uni\u00f3n Europea<\/p>\n\n\t\t<\/div>\n\t<\/div>\n<div class=\"vc_empty_space\"   style=\"height: 2rem\"><span class=\"vc_empty_space_inner\"><\/span><\/div>\n\t<div  class=\"wpb_single_image wpb_content_element vc_align_center   img-scale\">\n\t\t\n\t\t<figure class=\"wpb_wrapper vc_figure\">\n\t\t\t<div class=\"vc_single_image-wrapper   vc_box_border_grey\"><img loading=\"lazy\" decoding=\"async\" width=\"1387\" height=\"144\" src=\"https:\/\/claroflex.com\/wp-content\/uploads\/2026\/01\/financiacion-tecnologias-4-0.png\" class=\"vc_single_image-img attachment-full\" alt=\"\" title=\"financiacion-tecnologias-4-0\" srcset=\"https:\/\/claroflex.com\/wp-content\/uploads\/2026\/01\/financiacion-tecnologias-4-0.png 1387w, https:\/\/claroflex.com\/wp-content\/uploads\/2026\/01\/financiacion-tecnologias-4-0-300x31.png 300w, https:\/\/claroflex.com\/wp-content\/uploads\/2026\/01\/financiacion-tecnologias-4-0-1024x106.png 1024w, https:\/\/claroflex.com\/wp-content\/uploads\/2026\/01\/financiacion-tecnologias-4-0-768x80.png 768w, https:\/\/claroflex.com\/wp-content\/uploads\/2026\/01\/financiacion-tecnologias-4-0-18x2.png 18w\" sizes=\"auto, (max-width: 1387px) 100vw, 1387px\"><\/div>\n\t\t<\/figure>\n\t<\/div>\n<div class=\"vc_empty_space\"   style=\"height: 3rem\"><span class=\"vc_empty_space_inner\"><\/span><\/div><\/div><\/div><\/div><\/div><div class=\"vc_row-full-width vc_clearfix\"><\/div><div data-vc-full-width=\"true\" data-vc-full-width-init=\"false\" data-vc-stretch-content=\"true\" class=\"vc_row wpb_row vc_row-fluid vc_custom_1769158792885 vc_row-has-fill vc_row-no-padding\"><div class=\"wpb_column vc_column_container vc_col-sm-12 \"><div class=\"vc_column-inner \"><div class=\"wpb_wrapper\"><div class=\"vc_empty_space\"   style=\"height: 1rem\"><span class=\"vc_empty_space_inner\"><\/span><\/div>\n\t<div  class=\"wpb_single_image wpb_content_element vc_align_center   img-scale\">\n\t\t\n\t\t<figure class=\"wpb_wrapper vc_figure\">\n\t\t\t<div class=\"vc_single_image-wrapper   vc_box_border_grey\"><img loading=\"lazy\" decoding=\"async\" width=\"1486\" height=\"110\" src=\"https:\/\/claroflex.com\/wp-content\/uploads\/2024\/12\/programa-xpande-digital.jpg\" class=\"vc_single_image-img attachment-full\" alt=\"\" title=\"programa xpande digital\" srcset=\"https:\/\/claroflex.com\/wp-content\/uploads\/2024\/12\/programa-xpande-digital.jpg 1486w, https:\/\/claroflex.com\/wp-content\/uploads\/2024\/12\/programa-xpande-digital-300x22.jpg 300w, https:\/\/claroflex.com\/wp-content\/uploads\/2024\/12\/programa-xpande-digital-1024x76.jpg 1024w, https:\/\/claroflex.com\/wp-content\/uploads\/2024\/12\/programa-xpande-digital-768x57.jpg 768w, https:\/\/claroflex.com\/wp-content\/uploads\/2024\/12\/programa-xpande-digital-18x1.jpg 18w\" sizes=\"auto, (max-width: 1486px) 100vw, 1486px\"><\/div>\n\t\t<\/figure>\n\t<\/div>\n<div class=\"vc_empty_space\"   style=\"height: 2rem\"><span class=\"vc_empty_space_inner\"><\/span><\/div>\n\t<div class=\"wpb_text_column wpb_content_element  vc_custom_1654671570789\" >\n\t\t<div class=\"wpb_wrapper\">\n\t\t\t<p style=\"text-align: left;\" align=\"center\">DISTRIBUIDORA DE SISTEMAS DE CIERRE SL ha sido beneficiaria de Fondos Europeos, cuyo objetivo es el refuerzo del crecimiento sostenible y la competitividad de las PYMES, y gracias al cual ha puesto en marcha un Plan de Acci\u00f3n con el objetivo de mejorar su competitividad mediante la transformaci\u00f3n digital, la promoci\u00f3n online y el comercio electr\u00f3nico en mercados internacionales durante el a\u00f1o 2024. Para ello ha contado con el apoyo del <b>Programa Xpande Digital<\/b> de la C\u00e1mara de Comercio de M\u00e1laga. #EuropaSeSiente\u201d<\/p>\n\n\t\t<\/div>\n\t<\/div>\n<div class=\"vc_empty_space\"   style=\"height: 3rem\"><span class=\"vc_empty_space_inner\"><\/span><\/div>\n\t<div class=\"wpb_text_column wpb_content_element  vc_custom_1654671570789\" >\n\t\t<div class=\"wpb_wrapper\">\n\t\t\t<p style=\"text-align: left;\" align=\"center\">DISTRIBUIDORA DE SISTEMAS DE CIERRE SL ha sido beneficiaria de Fondos Europeos, cuyo objetivo es el refuerzo del crecimiento sostenible y la competitividad de las PYMES, y gracias al cual ha puesto en marcha un Plan de Acci\u00f3n con el objetivo de mejorar su competitividad mediante la transformaci\u00f3n digital, la promoci\u00f3n online y el comercio electr\u00f3nico en mercados internacionales durante el a\u00f1o 2025. Para ello ha contado con el apoyo del <b>Programa Xpande Digital<\/b> de la C\u00e1mara de Comercio de M\u00e1laga. #EuropaSeSiente\u201d<\/p>\n\n\t\t<\/div>\n\t<\/div>\n<div class=\"vc_empty_space\"   style=\"height: 3rem\"><span class=\"vc_empty_space_inner\"><\/span><\/div><\/div><\/div><\/div><\/div><div class=\"vc_row-full-width vc_clearfix\"><\/div><div data-vc-full-width=\"true\" data-vc-full-width-init=\"false\" data-vc-stretch-content=\"true\" class=\"vc_row wpb_row vc_row-fluid vc_custom_1769158800521 vc_row-has-fill vc_row-no-padding\"><div class=\"wpb_column vc_column_container vc_col-sm-12 \"><div class=\"vc_column-inner \"><div class=\"wpb_wrapper\"><div class=\"vc_empty_space\"   style=\"height: 1rem\"><span class=\"vc_empty_space_inner\"><\/span><\/div>\n\t<div  class=\"wpb_single_image wpb_content_element vc_align_center   img-scale-2\">\n\t\t\n\t\t<figure class=\"wpb_wrapper vc_figure\">\n\t\t\t<div class=\"vc_single_image-wrapper   vc_box_border_grey\"><img loading=\"lazy\" decoding=\"async\" width=\"6428\" height=\"400\" src=\"https:\/\/claroflex.com\/wp-content\/uploads\/2024\/12\/Logos-web-beneficiarios_1.png\" class=\"vc_single_image-img attachment-full\" alt=\"\" title=\"Logos web beneficiarios_1\" srcset=\"https:\/\/claroflex.com\/wp-content\/uploads\/2024\/12\/Logos-web-beneficiarios_1.png 6428w, https:\/\/claroflex.com\/wp-content\/uploads\/2024\/12\/Logos-web-beneficiarios_1-300x19.png 300w, https:\/\/claroflex.com\/wp-content\/uploads\/2024\/12\/Logos-web-beneficiarios_1-1024x64.png 1024w, https:\/\/claroflex.com\/wp-content\/uploads\/2024\/12\/Logos-web-beneficiarios_1-768x48.png 768w, https:\/\/claroflex.com\/wp-content\/uploads\/2024\/12\/Logos-web-beneficiarios_1-1536x96.png 1536w, https:\/\/claroflex.com\/wp-content\/uploads\/2024\/12\/Logos-web-beneficiarios_1-2048x127.png 2048w, https:\/\/claroflex.com\/wp-content\/uploads\/2024\/12\/Logos-web-beneficiarios_1-18x1.png 18w\" sizes=\"auto, (max-width: 6428px) 100vw, 6428px\"><\/div>\n\t\t<\/figure>\n\t<\/div>\n<div class=\"vc_empty_space\"   style=\"height: 2rem\"><span class=\"vc_empty_space_inner\"><\/span><\/div>\n\t<div class=\"wpb_text_column wpb_content_element  vc_custom_1654671570789\" >\n\t\t<div class=\"wpb_wrapper\">\n\t\t\t<p style=\"text-align: left;\" align=\"center\">Distribuidora de sistemas de Cierre, S.L. ha sido beneficiaria de Fondos Europeos, a trav\u00e9s de la <b>LINEA DE AYUDAS DE MENTORING INTERNACIONAL<\/b> cuyo objetivo es el refuerzo del crecimiento sostenible y la competitividad de las PYMES, y gracias al cual ha puesto en marcha un Plan de Acci\u00f3n de Internacionalizaci\u00f3n con el objetivo de mejorar su competitividad.<\/p>\n<p style=\"text-align: left;\" align=\"center\">Todos los materiales de difusi\u00f3n y promoci\u00f3n han sido financiados por la Uni\u00f3n Europea &#8211; NextGenerationEU\u00bb, la Secretar\u00eda de Estado de Comercio y de la C\u00e1mara de Comercio de Espa\u00f1a.<\/p>\n\n\t\t<\/div>\n\t<\/div>\n<div class=\"vc_empty_space\"   style=\"height: 3rem\"><span class=\"vc_empty_space_inner\"><\/span><\/div>\n\t<div class=\"wpb_text_column wpb_content_element  vc_custom_1654671570789\" >\n\t\t<div class=\"wpb_wrapper\">\n\t\t\t<p style=\"text-align: left;\" align=\"center\">DISTRIBUIDORA DE SISTEMAS DE CIERRE, S.L \u00a0ha sido beneficiario del Programa de Mentoring y Apoyo a la internacionalizaci\u00f3n de la pyme. Entre otros gastos, la empresa ha cofinanciados con estos fondos material de difusi\u00f3n y promoci\u00f3n, en concreto a , Cat\u00e1logos en 6 idiomas utilizados tanto en Ferias, como en otros actos promocionales como visitas, encuentro tutelados por ICEX y publicidad directa. Tambi\u00e9n se han financiado la asistencia a Ferias, Alquiler de Suelo para Stands y construcci\u00f3n de los mismos, en la ferias de Birmingham, Stuttgart, y Milan.<\/p>\n\n\t\t<\/div>\n\t<\/div>\n<div class=\"vc_empty_space\"   style=\"height: 3rem\"><span class=\"vc_empty_space_inner\"><\/span><\/div><\/div><\/div><\/div><\/div><div class=\"vc_row-full-width vc_clearfix\"><\/div><div data-vc-full-width=\"true\" data-vc-full-width-init=\"false\" data-vc-stretch-content=\"true\" class=\"vc_row wpb_row vc_row-fluid vc_custom_1769158807443 vc_row-has-fill vc_row-no-padding\"><div class=\"wpb_column vc_column_container vc_col-sm-12 \"><div class=\"vc_column-inner \"><div class=\"wpb_wrapper\"><div class=\"vc_empty_space\"   style=\"height: 1rem\"><span class=\"vc_empty_space_inner\"><\/span><\/div>\n\t<div  class=\"wpb_single_image wpb_content_element vc_align_center\">\n\t\t\n\t\t<figure class=\"wpb_wrapper vc_figure\">\n\t\t\t<div class=\"vc_single_image-wrapper   vc_box_border_grey\"><img loading=\"lazy\" decoding=\"async\" width=\"979\" height=\"103\" src=\"https:\/\/claroflex.com\/wp-content\/uploads\/2025\/03\/publicidad-manufacturera-2022.png\" class=\"vc_single_image-img attachment-full\" alt=\"\" title=\"publicidad-manufacturera-2022\" srcset=\"https:\/\/claroflex.com\/wp-content\/uploads\/2025\/03\/publicidad-manufacturera-2022.png 979w, https:\/\/claroflex.com\/wp-content\/uploads\/2025\/03\/publicidad-manufacturera-2022-300x32.png 300w, https:\/\/claroflex.com\/wp-content\/uploads\/2025\/03\/publicidad-manufacturera-2022-768x81.png 768w, https:\/\/claroflex.com\/wp-content\/uploads\/2025\/03\/publicidad-manufacturera-2022-18x2.png 18w\" sizes=\"auto, (max-width: 979px) 100vw, 979px\"><\/div>\n\t\t<\/figure>\n\t<\/div>\n<div class=\"vc_empty_space\"   style=\"height: 2rem\"><span class=\"vc_empty_space_inner\"><\/span><\/div>\n\t<div class=\"wpb_text_column wpb_content_element  vc_custom_1654671570789\" >\n\t\t<div class=\"wpb_wrapper\">\n\t\t\t<p style=\"text-align: left;\" align=\"center\">El proyecto con n\u00famero de expediente IDI-050200-2022-7 y t\u00edtulo <strong>\u201cDESARROLLO DE NOVEDOSAS <\/strong><strong>CORTINAS DE CRISTAL CON ROTURA DE PUENTE T\u00c9RMICO DE DOBLE Y TRIPLE <\/strong><strong>ACRISTALAMIENTO CON MAYOR EFICIENCIA ENERG\u00c9TICA\u201d<\/strong>, ha sido beneficiario dentro de la convocatoria de Ayudas a Proyectos Industriales de Investigaci\u00f3n, Desarrollo e Innovaci\u00f3n en el \u00e1mbito de la Industria Manufacturera (IDI 2022) el a\u00f1o 2022, estando esta convocatoria de ayudas cofinanciada por el Mecanismo de Recuperaci\u00f3n y Resiliencia de la Uni\u00f3n Europea<\/p>\n\n\t\t<\/div>\n\t<\/div>\n<div class=\"vc_empty_space\"   style=\"height: 3rem\"><span class=\"vc_empty_space_inner\"><\/span><\/div><\/div><\/div><\/div><\/div><div class=\"vc_row-full-width vc_clearfix\"><\/div><div data-vc-full-width=\"true\" data-vc-full-width-init=\"false\" data-vc-stretch-content=\"true\" class=\"vc_row wpb_row vc_row-fluid vc_custom_1769158817103 vc_row-has-fill vc_row-no-padding\"><div class=\"wpb_column vc_column_container vc_col-sm-12 \"><div class=\"vc_column-inner \"><div class=\"wpb_wrapper\"><div class=\"vc_empty_space\"   style=\"height: 1rem\"><span class=\"vc_empty_space_inner\"><\/span><\/div>\n\t<div  class=\"wpb_single_image wpb_content_element vc_align_center\">\n\t\t\n\t\t<figure class=\"wpb_wrapper vc_figure\">\n\t\t\t<div class=\"vc_single_image-wrapper   vc_box_border_grey\"><img loading=\"lazy\" decoding=\"async\" width=\"557\" height=\"34\" src=\"https:\/\/claroflex.com\/wp-content\/uploads\/2023\/03\/kitdigital.jpg\" class=\"vc_single_image-img attachment-full\" alt=\"\" title=\"kitdigital\" srcset=\"https:\/\/claroflex.com\/wp-content\/uploads\/2023\/03\/kitdigital.jpg 557w, https:\/\/claroflex.com\/wp-content\/uploads\/2023\/03\/kitdigital-300x18.jpg 300w, https:\/\/claroflex.com\/wp-content\/uploads\/2023\/03\/kitdigital-18x1.jpg 18w, https:\/\/claroflex.com\/wp-content\/uploads\/2023\/03\/kitdigital-500x31.jpg 500w\" sizes=\"auto, (max-width: 557px) 100vw, 557px\"><\/div>\n\t\t<\/figure>\n\t<\/div>\n<div class=\"vc_empty_space\"   style=\"height: 3rem\"><span class=\"vc_empty_space_inner\"><\/span><\/div><\/div><\/div><\/div><\/div><div class=\"vc_row-full-width vc_clearfix\"><\/div>\n<\/div>","protected":false},"excerpt":{"rendered":"[vc_banner_title style=\"big\" color_style=\"light\" title=\"SUBVENCI\u00d3N FEDER\" img=\"4419\" style_button=\"creative\" enable_overlay=\"true\" enable_fullheight=\"true\" columns=\"%5B%7B%7D%5D\"][\/vc_banner_title] Este proyecto ha sido cofinanciado por el Fondo Europeo de","protected":false},"author":4,"featured_media":0,"parent":0,"menu_order":0,"comment_status":"closed","ping_status":"closed","template":"","meta":{"footnotes":""},"class_list":["post-4629","page","type-page","status-publish","hentry"],"featured_image_src":"","featured_image_src_square":"","_links":{"self":[{"href":"https:\/\/claroflex.com\/es\/wp-json\/wp\/v2\/pages\/4629","targetHints":{"allow":["GET"]}}],"collection":[{"href":"https:\/\/claroflex.com\/es\/wp-json\/wp\/v2\/pages"}],"about":[{"href":"https:\/\/claroflex.com\/es\/wp-json\/wp\/v2\/types\/page"}],"author":[{"embeddable":true,"href":"https:\/\/claroflex.com\/es\/wp-json\/wp\/v2\/users\/4"}],"replies":[{"embeddable":true,"href":"https:\/\/claroflex.com\/es\/wp-json\/wp\/v2\/comments?post=4629"}],"version-history":[{"count":92,"href":"https:\/\/claroflex.com\/es\/wp-json\/wp\/v2\/pages\/4629\/revisions"}],"predecessor-version":[{"id":8166,"href":"https:\/\/claroflex.com\/es\/wp-json\/wp\/v2\/pages\/4629\/revisions\/8166"}],"wp:attachment":[{"href":"https:\/\/claroflex.com\/es\/wp-json\/wp\/v2\/media?parent=4629"}],"curies":[{"name":"wp","href":"https:\/\/api.w.org\/{rel}","templated":true}]}}