{"id":7027,"date":"2023-06-13T10:04:04","date_gmt":"2023-06-13T09:04:04","guid":{"rendered":"https:\/\/claroflex.com\/?page_id=7027"},"modified":"2025-09-24T12:41:53","modified_gmt":"2025-09-24T11:41:53","slug":"welcome-to-claroflex-exhibition","status":"publish","type":"page","link":"https:\/\/claroflex.com\/de\/welcome-to-claroflex-exhibition\/","title":{"rendered":"Willkommen bei CLAROFLEX EXHIBITION"},"content":{"rendered":"<div class=\"wpb-content-wrapper\"><div class=\"vc_row wpb_row vc_row-fluid\"><div class=\"wpb_column vc_column_container vc_col-sm-12\"><div class=\"vc_column-inner\"><div class=\"wpb_wrapper\">\n\t<div class=\"wpb_raw_code wpb_content_element wpb_raw_html\" >\n\t\t<div class=\"wpb_wrapper\">\n\t\t\t<div class=\"container padd-only-xs\">\n\t\t<div class=\"row\">\n\t\t\t<div class=\"col-md-9 margin-top-6em margin-sm-100t margin-bottom-1em margin-sm-50b\">\n\t\t\t\t<!-- Post content -->\n\t\t\t\t<div class=\"post-detailed post-1443 post type-post status-publish format-standard has-post-thumbnail hentry category-uncategorized\">\n\n\t\t\t\t\t<h3>Willkommen bei CLAROFLEX EXHIBITION.<\/h3>\t\t\t\t\t\n\t\t\t\t\t\t\t\t\t\t\n\t\t\t\t\t\t\t\t\t\t<div class=\"prague-post-thumbnail\" style=\"margin-bottom: 30px !important\">\n\t\t\t\t\t\t<img decoding=\"async\" width=\"2000\" height=\"2000\" src=\"\/wp-content\/uploads\/2023\/06\/1\u04451-solex.png\" class=\"attachment-full size-full wp-post-image\" alt=\"\" loading=\"lazy\" srcset=\"\/wp-content\/uploads\/2023\/06\/1\u04451-solex.png 2000w, \/wp-content\/uploads\/2023\/06\/1\u04451-solex.png 300w, \/wp-content\/uploads\/2023\/06\/1\u04451-solex.png 768w, \/wp-content\/uploads\/2023\/06\/1\u04451-solex.png 1024w\" sizes=\"auto, (max-width: 2000px) 100vw, 2000px\">\t\t\t\t\t<\/div>\n\t\t\t\t\t\t\t\t\t\t\n\t\t\t\t\t<blockquote class=\"blockquote-content\" style=\"margin-top: 25px !important;\"><p>\u00dcberraschen Sie sich selbst mit der vollst\u00e4ndigsten und innovativsten Verglasungsl\u00f6sung f\u00fcr Ihre Pergola, Terrasse und Ihren Balkon. Pr\u00fcfen Sie auch unsere rahmenlosen Verglasungssysteme PIVOT, SLIDE und WINDBREAK \"VENTO\".\"<\/p><\/blockquote>\n\t\t\t\t\t\n\t\t\t\t<\/div>\n\t\t\t\t<!-- End post content -->\n\n\t\t\t\t\t\t\t\t\t\n\t\t\t\t\t\t\t\t\n\t\t\t<\/div>\n\t\t\t\t\t\t<div class=\"col-md-3 margin-lg-140t margin-sm-50t margin-lg-140b margin-sm-50b\">\n\t\t\t\t<div class=\"prague-sidebar\">\n\t\t\t\t\t<div class=\"prague-widget widget_search\"><form role=\"search\" method=\"get\" class=\"search-form\" action=\"\/de\/\" data-trp-original-action=\"\/\">\n\t\t\t\t<label>\n\t\t\t\t\t<span class=\"screen-reader-text\">Suche nach:<\/span>\n\t\t\t\t\t<input type=\"search\" class=\"search-field\" placeholder=\"Suche ...\" value=\"\" name=\"s\">\n\t\t\t\t<\/label>\n\t\t\t\t<input type=\"submit\" class=\"search-submit\" value=\"Ricerca\">\n\t\t\t<input type=\"hidden\" name=\"trp-form-language\" value=\"de\"\/><\/form><\/div>\n\t\t<div class=\"prague-widget widget_categories\"><h3 class=\"prague-title-w\">Kategorien<\/h3>\n\t\t\t<ul>\n\t\t\t\t\t<li class=\"cat-item cat-item-16\"><a href=\"\/de\/category-pivot\/\">Pivot<\/a>\n<\/li>\n                                        <li class=\"cat-item cat-item-16\"><a href=\"\/de\/category-slide\/\">Dia<\/a>\n<\/li>\n                                        <li class=\"cat-item cat-item-16\"><a href=\"\/de\/category-duo\/\">Duo<\/a>\n<\/li>\n                                        <li class=\"cat-item cat-item-16\"><a href=\"\/de\/category-screen\/\">Bildschirm<\/a>\n<\/li>                                    \n\t<li class=\"cat-item cat-item-1\"><a href=\"\/de\/category-uncategorized\/\">Nicht kategorisiert<\/a>\n<\/li>\n\t\t\t<\/ul>\n\n\t\t\t<\/div>\n\n<div class=\"prague-widget widget_archive\"><h3 class=\"prague-title-w\">Archiv<\/h3>\n\t\t\t<ul>\n\t\t\t\t\t<li><a href=\"\/de\/2023-01\/\">Januar 2023<\/a><\/li>\n                                        <li><a href=\"\/de\/2023-06\/\">Juni 2023<\/a><\/li>\n\t\t\t<\/ul>\n\n\t\t\t<\/div>\n\t\t\t\t<\/div>\n\t\t\t<\/div>\n\t\t\t\t\t<\/div>\n\t<\/div>\n\t\t<\/div>\n\t<\/div>\n<\/div><\/div><\/div><\/div>\n<\/div>","protected":false},"excerpt":{"rendered":"Willkommen bei CLAROFLEX EXHIBITION. Lassen Sie sich \u00fcberraschen von der vollst\u00e4ndigsten und innovativsten Verglasungsl\u00f6sung f\u00fcr Ihre Pergola, Terrasse und Ihren Balkon.","protected":false},"author":1,"featured_media":0,"parent":0,"menu_order":0,"comment_status":"closed","ping_status":"closed","template":"","meta":{"footnotes":""},"class_list":["post-7027","page","type-page","status-publish","hentry"],"featured_image_src":"","featured_image_src_square":"","_links":{"self":[{"href":"https:\/\/claroflex.com\/de\/wp-json\/wp\/v2\/pages\/7027","targetHints":{"allow":["GET"]}}],"collection":[{"href":"https:\/\/claroflex.com\/de\/wp-json\/wp\/v2\/pages"}],"about":[{"href":"https:\/\/claroflex.com\/de\/wp-json\/wp\/v2\/types\/page"}],"author":[{"embeddable":true,"href":"https:\/\/claroflex.com\/de\/wp-json\/wp\/v2\/users\/1"}],"replies":[{"embeddable":true,"href":"https:\/\/claroflex.com\/de\/wp-json\/wp\/v2\/comments?post=7027"}],"version-history":[{"count":5,"href":"https:\/\/claroflex.com\/de\/wp-json\/wp\/v2\/pages\/7027\/revisions"}],"predecessor-version":[{"id":7366,"href":"https:\/\/claroflex.com\/de\/wp-json\/wp\/v2\/pages\/7027\/revisions\/7366"}],"wp:attachment":[{"href":"https:\/\/claroflex.com\/de\/wp-json\/wp\/v2\/media?parent=7027"}],"curies":[{"name":"wp","href":"https:\/\/api.w.org\/{rel}","templated":true}]}}