{"id":7443,"date":"2024-02-27T15:53:33","date_gmt":"2024-02-27T14:53:33","guid":{"rendered":"https:\/\/claroflex.com\/?page_id=7443"},"modified":"2024-02-27T16:00:40","modified_gmt":"2024-02-27T15:00:40","slug":"industria-conectada","status":"publish","type":"page","link":"https:\/\/claroflex.com\/br\/industria-conectada\/","title":{"rendered":"Ind\u00fastria Conectada 4.0"},"content":{"rendered":"<div class=\"wpb-content-wrapper\"><div data-vc-full-width=\"true\" data-vc-full-width-init=\"false\" data-vc-stretch-content=\"true\" class=\"vc_row wpb_row vc_row-fluid vc_row-no-padding\"><div class=\"wpb_column vc_column_container vc_col-sm-12 \"><div class=\"vc_column-inner \"><div class=\"wpb_wrapper\">[vc_banner_title style=&#8221;big&#8221; color_style=&#8221;light&#8221; title=&#8221;INDUSTRIA CONECTADA 4.0&#8243; img=&#8221;4419&#8243; style_button=&#8221;creative&#8221; enable_overlay=&#8221;true&#8221; enable_fullheight=&#8221;true&#8221; columns=&#8221;%5B%7B%7D%5D&#8221;][\/vc_banner_title]<\/div><\/div><\/div><\/div><div class=\"vc_row-full-width vc_clearfix\"><\/div><div class=\"vc_row wpb_row vc_row-fluid\"><div class=\"wpb_column vc_column_container vc_col-sm-12 \"><div class=\"vc_column-inner \"><div class=\"wpb_wrapper\"><div class=\"vc_empty_space\"   style=\"height: 5rem\"><span class=\"vc_empty_space_inner\"><\/span><\/div><\/div><\/div><\/div><\/div><div class=\"vc_row wpb_row vc_row-fluid\"><div class=\"wpb_column vc_column_container vc_col-sm-2 \"><div class=\"vc_column-inner \"><div class=\"wpb_wrapper\"><\/div><\/div><\/div><div class=\"wpb_column vc_column_container vc_col-sm-8 \"><div class=\"vc_column-inner \"><div class=\"wpb_wrapper\">\n\t<div class=\"wpb_text_column wpb_content_element  shadow-box-text-feder\" >\n\t\t<div class=\"wpb_wrapper\">\n\t\t\t<p style=\"text-align: justify;\">El proyecto con n\u00famero de expediente IC4-080010-2021-4 y t\u00edtulo <span style=\"font-weight: bold;\"> &#8220;IMPLANTACI\u00d3N DE TECNLOG\u00cdAS 4.0 PARA LA INNOVACI\u00d3N DEL PROCESO PRODUCTIVO EN LA CADENA DE VALOR DE LA EMPRESA CLAROFLEX<\/span>\u201d, ha sido beneficiario dentro de la convocatoria de ayudas a proyectos de I+D+i en el \u00e1mbito de la <span style=\"font-weight: bold;\"> Industria Conectada 4.0<\/span> (ACTIVA_Financiaci\u00f3n) en el a\u00f1o 2021, estando esta convocatoria de ayudas cofinanciada por el <span style=\"font-weight: bold;\">Mecanismo de Recuperaci\u00f3n y Resiliencia de la Uni\u00f3n Europea<\/span><\/p>\n\n\t\t<\/div>\n\t<\/div>\n\n\t<div  class=\"wpb_single_image wpb_content_element vc_align_right\">\n\t\t\n\t\t<figure class=\"wpb_wrapper vc_figure\">\n\t\t\t<div class=\"vc_single_image-wrapper   vc_box_border_grey\"><img loading=\"lazy\" decoding=\"async\" width=\"1024\" height=\"112\" src=\"https:\/\/claroflex.com\/wp-content\/uploads\/2024\/02\/industria-conectada-4.0-1024x112.png\" class=\"vc_single_image-img attachment-large\" alt=\"industria conectada 4.0\" title=\"industria conectada 4.0\" srcset=\"https:\/\/claroflex.com\/wp-content\/uploads\/2024\/02\/industria-conectada-4.0-1024x112.png 1024w, https:\/\/claroflex.com\/wp-content\/uploads\/2024\/02\/industria-conectada-4.0-300x33.png 300w, https:\/\/claroflex.com\/wp-content\/uploads\/2024\/02\/industria-conectada-4.0-768x84.png 768w, https:\/\/claroflex.com\/wp-content\/uploads\/2024\/02\/industria-conectada-4.0-18x2.png 18w, https:\/\/claroflex.com\/wp-content\/uploads\/2024\/02\/industria-conectada-4.0.png 1065w\" sizes=\"auto, (max-width: 1024px) 100vw, 1024px\" \/><\/div>\n\t\t<\/figure>\n\t<\/div>\n<\/div><\/div><\/div><div class=\"wpb_column vc_column_container vc_col-sm-2 \"><div class=\"vc_column-inner \"><div class=\"wpb_wrapper\"><\/div><\/div><\/div><\/div><div class=\"vc_row wpb_row vc_row-fluid\"><div class=\"wpb_column vc_column_container vc_col-sm-12 \"><div class=\"vc_column-inner \"><div class=\"wpb_wrapper\"><div class=\"vc_empty_space\"   style=\"height: 5rem\"><span class=\"vc_empty_space_inner\"><\/span><\/div><\/div><\/div><\/div><\/div>\n<\/div>","protected":false},"excerpt":{"rendered":"[vc_banner_title style=\"big\" color_style=\"light\" title=\"INDUSTRIA CONECTADA 4.0\" img=\"4419\" style_button=\"creative\" enable_overlay=\"true\" enable_fullheight=\"true\" columns=\"%5B%7B%7D%5D\"][\/vc_banner_title] El proyecto con n\u00famero de expediente IC4-080010-2021-4 y t\u00edtulo","protected":false},"author":1,"featured_media":0,"parent":0,"menu_order":0,"comment_status":"closed","ping_status":"closed","template":"","meta":{"footnotes":""},"class_list":["post-7443","page","type-page","status-publish","hentry"],"featured_image_src":"","featured_image_src_square":"","_links":{"self":[{"href":"https:\/\/claroflex.com\/br\/wp-json\/wp\/v2\/pages\/7443","targetHints":{"allow":["GET"]}}],"collection":[{"href":"https:\/\/claroflex.com\/br\/wp-json\/wp\/v2\/pages"}],"about":[{"href":"https:\/\/claroflex.com\/br\/wp-json\/wp\/v2\/types\/page"}],"author":[{"embeddable":true,"href":"https:\/\/claroflex.com\/br\/wp-json\/wp\/v2\/users\/1"}],"replies":[{"embeddable":true,"href":"https:\/\/claroflex.com\/br\/wp-json\/wp\/v2\/comments?post=7443"}],"version-history":[{"count":13,"href":"https:\/\/claroflex.com\/br\/wp-json\/wp\/v2\/pages\/7443\/revisions"}],"predecessor-version":[{"id":7458,"href":"https:\/\/claroflex.com\/br\/wp-json\/wp\/v2\/pages\/7443\/revisions\/7458"}],"wp:attachment":[{"href":"https:\/\/claroflex.com\/br\/wp-json\/wp\/v2\/media?parent=7443"}],"curies":[{"name":"wp","href":"https:\/\/api.w.org\/{rel}","templated":true}]}}