{"id":6861,"date":"2023-03-09T09:21:46","date_gmt":"2023-03-09T08:21:46","guid":{"rendered":"https:\/\/claroflex.com\/?page_id=6861"},"modified":"2023-03-24T13:42:13","modified_gmt":"2023-03-24T12:42:13","slug":"app-collabora-office","status":"publish","type":"page","link":"https:\/\/claroflex.com\/br\/app-collabora-office\/","title":{"rendered":"COLLABORA OFFICE APP"},"content":{"rendered":"<div class=\"wpb-content-wrapper\"><div class=\"vc_row wpb_row vc_row-fluid\"><div class=\"wpb_column vc_column_container vc_col-sm-12\"><div class=\"vc_column-inner\"><div class=\"wpb_wrapper\"><div class=\"vc_empty_space\"   style=\"height: 3.9rem\"><span class=\"vc_empty_space_inner\"><\/span><\/div><\/div><\/div><\/div><\/div><div data-vc-full-width=\"true\" data-vc-full-width-init=\"false\" data-vc-stretch-content=\"true\" class=\"vc_row wpb_row vc_row-fluid vc_row-no-padding\"><div class=\"wpb_column vc_column_container vc_col-sm-12\"><div class=\"vc_column-inner\"><div class=\"wpb_wrapper\">\n\t<div class=\"wpb_raw_code wpb_content_element wpb_raw_html\" >\n\t\t<div class=\"wpb_wrapper\">\n\t\t\t<div class=\"container-fluid top-banner no-padd big fullheight light s-back-switch min-height-0-vh\" style=\"background-image: url(&quot;https:\/\/claroflex.com\/wp-content\/uploads\/2022\/10\/slide_maximum_system_height.webp&quot;)\">\n                     <img decoding=\"async\" src=\"https:\/\/claroflex.com\/wp-content\/uploads\/2022\/10\/slide_maximum_system_height.webp\" class=\"s-img-switch\" alt=\"\" style=\"display: none;\">                    <div class=\"content\">\n                <div class=\"prague-svg-animation-text\">\n                                    <\/div>\n\n                        <!--<h1 class=\"title\">VIDEO PIVOT<\/h1>-->                                            \n                                            <\/div>\n    <\/div>\n\t\t<\/div>\n\t<\/div>\n<\/div><\/div><\/div><\/div><div class=\"vc_row-full-width vc_clearfix\"><\/div><div class=\"vc_row wpb_row vc_row-fluid\"><div class=\"wpb_column vc_column_container vc_col-sm-12\"><div class=\"vc_column-inner\"><div class=\"wpb_wrapper\"><div class=\"vc_empty_space\"   style=\"height: 1.5rem\"><span class=\"vc_empty_space_inner\"><\/span><\/div><\/div><\/div><\/div><\/div><div class=\"vc_row wpb_row vc_row-fluid\"><div class=\"wpb_column vc_column_container vc_col-sm-12\"><div class=\"vc_column-inner\"><div class=\"wpb_wrapper\">\n\t<div class=\"wpb_text_column wpb_content_element\" >\n\t\t<div class=\"wpb_wrapper\">\n\t\t\t<h3 style=\"text-align: center;\">REALIZA OS C\u00c1LCULOS DE SLIDE COM O SEGUINTE DOCUMENTO:<\/h3>\n\n\t\t<\/div>\n\t<\/div>\n<\/div><\/div><\/div><\/div><div class=\"vc_row wpb_row vc_row-fluid\"><div class=\"wpb_column vc_column_container vc_col-sm-12\"><div class=\"vc_column-inner\"><div class=\"wpb_wrapper\"><div class=\"vc_empty_space\"   style=\"height: 1.5rem\"><span class=\"vc_empty_space_inner\"><\/span><\/div><\/div><\/div><\/div><\/div><div class=\"vc_row wpb_row vc_row-fluid\"><div class=\"wpb_column vc_column_container vc_col-sm-12\"><div class=\"vc_column-inner\"><div class=\"wpb_wrapper\">\n\t<div class=\"wpb_raw_code wpb_content_element wpb_raw_html\" >\n\t\t<div class=\"wpb_wrapper\">\n\t\t\t<div class=\"vc_btn3-container vc_btn3-center\"><a class=\"btn-color vc_general vc_btn3 vc_btn3-size-md vc_btn3-shape-square vc_btn3-style-modern vc_btn3-color-danger\" href=\"\/documents\/es\/slide\/Calculo_de_proyectos_SLIDE.xlsx\" download=\"Calculo_de_proyectos_SLIDE.xlsx\" title=\"\" rel=\"nofollow\">DESCARREGAR DOCUMENTO<\/a><\/div>\n\t\t<\/div>\n\t<\/div>\n<\/div><\/div><\/div><\/div><div class=\"vc_row wpb_row vc_row-fluid\"><div class=\"wpb_column vc_column_container vc_col-sm-12\"><div class=\"vc_column-inner\"><div class=\"wpb_wrapper\">\n\t<div class=\"wpb_text_column wpb_content_element\" >\n\t\t<div class=\"wpb_wrapper\">\n\t\t\t<h5 style=\"text-align: center; font-size: 17px;\">Este documento calcula as dimens\u00f5es dos perfis guia, perfil hoja e cristal, bem como seus mecanismos, n\u00famero de componentes necess\u00e1rios e limita\u00e7\u00f5es t\u00e9cnicas para o correto funcionamento do sistema. Recomendamos seu uso com o Excel ou em seu celular com o aplicativo Collabora Office.<\/h5>\n\n\t\t<\/div>\n\t<\/div>\n<\/div><\/div><\/div><\/div><div class=\"vc_row wpb_row vc_row-fluid\"><div class=\"wpb_column vc_column_container vc_col-sm-12\"><div class=\"vc_column-inner\"><div class=\"wpb_wrapper\"><div class=\"vc_empty_space\"   style=\"height: 1.5rem\"><span class=\"vc_empty_space_inner\"><\/span><\/div><\/div><\/div><\/div><\/div><div class=\"vc_row wpb_row vc_row-fluid\"><div class=\"wpb_column vc_column_container vc_col-sm-12\"><div class=\"vc_column-inner\"><div class=\"wpb_wrapper\">\n\t<div  class=\"wpb_single_image wpb_content_element vc_align_center\">\n\t\t\n\t\t<figure class=\"wpb_wrapper vc_figure\">\n\t\t\t<div class=\"vc_single_image-wrapper   vc_box_border_grey\"><img decoding=\"async\" class=\"vc_single_image-img\" src=\"https:\/\/claroflex.com\/wp-content\/uploads\/2023\/03\/logo-y-valoracion-app-2.png\" width=\"124\" height=\"180\" alt=\"logo-y-valoracion-app-2\" title=\"logo-y-valoracion-app-2\" loading=\"lazy\" \/><\/div>\n\t\t<\/figure>\n\t<\/div>\n<\/div><\/div><\/div><\/div><div class=\"vc_row wpb_row vc_row-fluid\"><div class=\"wpb_column vc_column_container vc_col-sm-12\"><div class=\"vc_column-inner\"><div class=\"wpb_wrapper\"><div class=\"vc_empty_space\"   style=\"height: 0.5rem\"><span class=\"vc_empty_space_inner\"><\/span><\/div><\/div><\/div><\/div><\/div><div class=\"vc_row wpb_row vc_row-fluid\"><div class=\"wpb_column vc_column_container vc_col-sm-12\"><div class=\"vc_column-inner\"><div class=\"wpb_wrapper\">\n\t<div class=\"wpb_text_column wpb_content_element\" >\n\t\t<div class=\"wpb_wrapper\">\n\t\t\t<h5 style=\"text-align: center; font-size: 17px;\">Voc\u00ea pode criar os projetos com seu celular de maneira simples com o aplicativo COLLABORA OFFICE!<\/h5>\n\n\t\t<\/div>\n\t<\/div>\n<\/div><\/div><\/div><\/div><div class=\"vc_row wpb_row vc_row-fluid\"><div class=\"wpb_column vc_column_container vc_col-sm-12\"><div class=\"vc_column-inner\"><div class=\"wpb_wrapper\"><div class=\"vc_empty_space\"   style=\"height: 2rem\"><span class=\"vc_empty_space_inner\"><\/span><\/div><\/div><\/div><\/div><\/div><div class=\"vc_row wpb_row vc_row-fluid\"><div class=\"wpb_column vc_column_container vc_col-sm-12\"><div class=\"vc_column-inner\"><div class=\"wpb_wrapper\">\n\t<div class=\"wpb_raw_code wpb_content_element wpb_raw_html\" >\n\t\t<div class=\"wpb_wrapper\">\n\t\t\t<div class=\"store-links-wrapper\"><a rel=\"noopener noreferrer\" style=\"position: sticky; left: 10%;\" href=\"https:\/\/play.google.com\/store\/apps\/details?id=com.collabora.libreoffice\" class=\"store-action-button google-store-button\" target=\"_blank\" data-automation=\"google-store-button-footer\" aria-label=\"Baixar no Google Play\"><img loading=\"lazy\" decoding=\"async\" src=\"https:\/\/appassets.mvtdev.com\/index\/public-transit-resources\/img\/store-buttons\/google_play_badge_es.png\" alt=\"Desc\u00e1rgala en Google Play\" height=\"40\" width=\"135\"><\/a><a rel=\"noopener noreferrer\" style=\"position: absolute; right: 10%;\" href=\"https:\/\/apps.apple.com\/es\/app\/collabora-office\/id1440482071\" target=\"_blank\" class=\"store-action-button apple-store-button\" data-automation=\"apple-store-button-footer\" aria-label=\"Baixe o aplicativo na App Store\"><img loading=\"lazy\" decoding=\"async\" src=\"https:\/\/appassets.mvtdev.com\/index\/public-transit-resources\/img\/store-buttons\/app_store_badge_es.svg\" alt=\"Desc\u00e1rgala en la App Store\" height=\"40\" width=\"135\"><\/a><\/div>\n\t\t<\/div>\n\t<\/div>\n<\/div><\/div><\/div><\/div><div class=\"vc_row wpb_row vc_row-fluid\"><div class=\"wpb_column vc_column_container vc_col-sm-12\"><div class=\"vc_column-inner\"><div class=\"wpb_wrapper\"><div class=\"vc_empty_space\"   style=\"height: 2.4rem\"><span class=\"vc_empty_space_inner\"><\/span><\/div><\/div><\/div><\/div><\/div>\n<\/div>","protected":false},"excerpt":{"rendered":"REALIZA LOS C\u00c1LCULOS SLIDE CON EL SIGUIENTE DOCUMENTO: DESCARGAR DOCUMENTO Este documento calcula las dimensiones de los perfiles gu\u00eda, perfiles","protected":false},"author":1,"featured_media":0,"parent":0,"menu_order":0,"comment_status":"closed","ping_status":"closed","template":"","meta":{"footnotes":""},"class_list":["post-6861","page","type-page","status-publish","hentry"],"featured_image_src":"","featured_image_src_square":"","_links":{"self":[{"href":"https:\/\/claroflex.com\/br\/wp-json\/wp\/v2\/pages\/6861","targetHints":{"allow":["GET"]}}],"collection":[{"href":"https:\/\/claroflex.com\/br\/wp-json\/wp\/v2\/pages"}],"about":[{"href":"https:\/\/claroflex.com\/br\/wp-json\/wp\/v2\/types\/page"}],"author":[{"embeddable":true,"href":"https:\/\/claroflex.com\/br\/wp-json\/wp\/v2\/users\/1"}],"replies":[{"embeddable":true,"href":"https:\/\/claroflex.com\/br\/wp-json\/wp\/v2\/comments?post=6861"}],"version-history":[{"count":63,"href":"https:\/\/claroflex.com\/br\/wp-json\/wp\/v2\/pages\/6861\/revisions"}],"predecessor-version":[{"id":6873,"href":"https:\/\/claroflex.com\/br\/wp-json\/wp\/v2\/pages\/6861\/revisions\/6873"}],"wp:attachment":[{"href":"https:\/\/claroflex.com\/br\/wp-json\/wp\/v2\/media?parent=6861"}],"curies":[{"name":"wp","href":"https:\/\/api.w.org\/{rel}","templated":true}]}}