{"id":3851,"date":"2022-04-26T12:26:12","date_gmt":"2022-04-26T11:26:12","guid":{"rendered":"https:\/\/claroflex.com\/?page_id=3851"},"modified":"2022-11-15T09:50:54","modified_gmt":"2022-11-15T08:50:54","slug":"slide-upgrades","status":"publish","type":"page","link":"https:\/\/claroflex.com\/br\/slide-upgrades\/","title":{"rendered":"ATUALIZA\u00c7\u00d5ES DE CORREDI\u00c7AS CLAROFLEX"},"content":{"rendered":"<div class=\"wpb-content-wrapper\"><div data-vc-full-width=\"true\" data-vc-full-width-init=\"false\" data-vc-stretch-content=\"true\" class=\"vc_row wpb_row vc_row-fluid vc_row-no-padding\"><div class=\"wpb_column vc_column_container vc_col-sm-12 \"><div class=\"vc_column-inner \"><div class=\"wpb_wrapper\">[vc_banner_title style=&#8221;big&#8221; color_style=&#8221;light&#8221; title=&#8221;CLAROFLEX\u00ae SLIDE UPGRADES&#8221; img=&#8221;6403&#8243; style_button=&#8221;creative&#8221; enable_overlay=&#8221;true&#8221; enable_fullheight=&#8221;true&#8221; columns=&#8221;%5B%7B%7D%5D&#8221;][\/vc_banner_title]<\/div><\/div><\/div><\/div><div class=\"vc_row-full-width vc_clearfix\"><\/div><div class=\"vc_row wpb_row vc_row-fluid\"><div class=\"wpb_column vc_column_container vc_col-sm-12 \"><div class=\"vc_column-inner \"><div class=\"wpb_wrapper\"><div class=\"vc_empty_space\"   style=\"height: 4rem\"><span class=\"vc_empty_space_inner\"><\/span><\/div><\/div><\/div><\/div><\/div><div class=\"vc_row wpb_row vc_row-fluid acordeon-letra\"><div class=\"wpb_column vc_column_container vc_col-sm-12 \"><div class=\"vc_column-inner \"><div class=\"wpb_wrapper\">[vc_accordion_services content_position=&#8221;right&#8221; items_accordion=&#8221;%5B%7B%22number%22%3A%2201.%22%2C%22title%22%3A%22DESCRIPTION%22%2C%22text%22%3A%22%3Cp%3EThe%20Slide%20mini%20bottom%20track%20was%20designed%20specifically%20as%20an%20indoor%20room%20divider%20and%20optimised%20for%20the%20size%20and%20weight%20of%20the%20panels%20that%20typically%20are%20used%20in%20this%20setting.%3C%2Fp%3E%5Cn%20%5Cn%3Cp%3EThis%20profile%20is%20used%20at%20the%20bottom%20of%20the%20glazing%2C%20allowing%20you%20to%20create%20a%20low%20threshold%20that%20can%20be%20installed%20directly%20over%20existing%20flooring.%3C%2Fp%3E%5Cn%5Cn%3Cp%3EThe%20Slide%20mini%20bottom%20track%20is%20%3Cspan%3E9%2C8%20mm%3C%2Fspan%3E%20high%2C%20we%20recommend%20it%20as%20an%20indoor%20room%20divider%20in%20homes%2C%20offices%2C%20events%20rooms%2C%20caf%C3%A9s%20and%20restaurants.%3C%2Fp%3E%5Cn%5Cn%22%7D%2C%7B%22number%22%3A%2202.%22%2C%22title%22%3A%22ADVANTAGES%22%2C%22text%22%3A%22%3Cp%3EThe%20Slide%20mini%20bottom%20track%20can%20be%20floor%20mounted%20or%20recessed%2C%20with%20two%20types%20of%20trim%20available%2C%20meaning%20it%20can%20be%20perfectly%20incorporated%20into%20any%20type%20of%20flooring.%3C%2Fp%3E%5Cn%5Cn%3Cp%3EThe%20weight%20of%20the%20system%20is%20evenly%20distributed%20along%20the%20whole%20profile%2C%20this%20guarantees%20optimal%20stability%20and%20safety%20without%20limiting%20the%20structure%20needed%20(wood%2C%20metal%2C%20concrete&#8230;)%20or%20choice%20of%20ceiling.%3C%2Fp%3E%5Cn%5Cn%3Cp%3EUse%20tempered%20or%20laminated%20glass%20with%20flat%20ground%20edges%2C%20no%20special%20cuts-outs%20required.%20Some%20cut-outs%20may%20be%20needed%20for%20accessories.%3C%2Fp%3E%22%7D%2C%7B%22number%22%3A%2203.%22%2C%22title%22%3A%22TECHNICAL%20SPECIFICATIONS%22%2C%22text%22%3A%22%3Cp%3EWind%20load%3A%20%3Cspan%3EClass%206.%3C%2Fspan%3E%3C%2Fp%3E%5Cn%3Cp%3EAcoustic%20insulation%3A%20%3Cspan%3E34%20dB.%3C%2Fspan%3E%3C%2Fp%3E%5Cn%3Cp%3EThermal%20insulation%3A%20%3Cspan%3E5.6%20W%2Fm2K.%3C%2Fspan%3E%3C%2Fp%3E%20%5Cn%3Cp%3EAirtightness%3A%20%3Cspan%3EClass%202.%3C%2Fspan%3E%3C%2Fp%3E%5Cn%3Cp%3ETests%3A%20%3Cspan%3EUNE%2012600%20(2003).%201C1.%3C%2Fspan%3E%3C%2Fp%3E%5Cn%3Cp%3EMaximum%20panel%20weight%3A%20%3Cspan%3E150%20kg%3C%2Fspan%3E%3C%2Fp%3E%20%5Cn%3Cp%3EMaximum%20system%20height%3A%20%3Cspan%3E3300%20mm.%3C%2Fspan%3E%3C%2Fp%3E%5Cn%22%7D%5D&#8221; title=&#8221;<\/p>\n<h3>SLIDE MINI BOTTOM TRACK<\/h3>\n<p>&#8221; image=&#8221;6401&#8243;]<\/div><\/div><\/div><\/div><div class=\"vc_row wpb_row vc_row-fluid\"><div class=\"wpb_column vc_column_container vc_col-sm-12 \"><div class=\"vc_column-inner \"><div class=\"wpb_wrapper\"><div class=\"vc_empty_space\"   style=\"height: 4rem\"><span class=\"vc_empty_space_inner\"><\/span><\/div><\/div><\/div><\/div><\/div><div class=\"vc_row wpb_row vc_row-fluid acordeon-letra\"><div class=\"margin-right-auto wpb_column vc_column_container vc_col-sm-12 \"><div class=\"vc_column-inner vc_custom_1664530086111\"><div class=\"wpb_wrapper\">[vc_accordion_services items_accordion=&#8221;%5B%7B%22number%22%3A%2201.%22%2C%22title%22%3A%22DESCRIPTION%22%2C%22text%22%3A%22%3Cp%3EClaroflex%20Slide%20systems%20can%20be%20installed%20with%20a%20%3Cspan%3E90%C2%BA%3C%2Fspan%3E%20corner%2C%20with%20an%20unlimited%20number%20of%20additional%20guide%20rails%2C%20to%20tailor%20the%20system%20to%20any%20situation.%3C%2Fp%3E%5Cn%5Cn%3Cp%3EThe%20two%20sections%20are%20joined%2C%20in%20the%20corner%2C%20using%20one%20flexible%20and%20one%20%5C%22h%5C%22%20sealing%20strip.%3C%2Fp%3E%5Cn%5Cn%22%7D%2C%7B%22number%22%3A%2202.%22%2C%22title%22%3A%22ADVANTAGES%22%2C%22text%22%3A%22%3Cp%3ESlide%20systems%20with%20right%20angles%20do%20not%20require%20any%20additional%20reinforcements%20(columns%20or%20beams).%3C%2Fp%3E%22%7D%2C%7B%22number%22%3A%2203.%22%2C%22title%22%3A%22ADDITIONAL%20INFORMATION%22%2C%22text%22%3A%22%3Cp%3EBoth%20of%20the%20sections%20that%20join%20in%20a%20right%20angle%20must%20have%20the%20same%20number%20of%20rails%20(main%20profile%20plus%20extra%20guide%20rails)%20on%20both%20the%20top%20and%20the%20bottom%20tracks.%3C%2Fp%3E%22%7D%5D&#8221; title=&#8221;<\/p>\n<h3>CLAROFLEX\u00ae SLIDE RIGHT ANGLE SETUP<\/h3>\n<p>&#8221; image=&#8221;6402&#8243;]<\/div><\/div><\/div><\/div><div class=\"vc_row wpb_row vc_row-fluid\"><div class=\"wpb_column vc_column_container vc_col-sm-12 \"><div class=\"vc_column-inner \"><div class=\"wpb_wrapper\"><div class=\"vc_empty_space\"   style=\"height: 4rem\"><span class=\"vc_empty_space_inner\"><\/span><\/div><\/div><\/div><\/div><\/div>\n<\/div>","protected":false},"excerpt":{"rendered":"[vc_banner_title style=\"big\" color_style=\"light\" title=\"CLAROFLEX\u00ae SLIDE UPGRADES\" img=\"6403\" style_button=\"creative\" enable_overlay=\"true\" enable_fullheight=\"true\" columns=\"%5B%7B%7D%5D\"][\/vc_banner_title][vc_accordion_services content_position=\"right\" items_accordion=\"%5B%7B%22number%22%3A%2201.%22%2C%22title%22%3A%22DESCRIPTION%22%2C%22text%22%3A%22%3Cp%3EThe%20Slide%20mini%20bottom%20track%20was%20designed%20specifically%20as%20an%20indoor%20room%20divider%20and%20optimised%20for%20the%20size%20and%20weight%20of%20the%20panels%20that%20typically%20are%20used%20in%20this%20setting.%3C%2Fp%3E%5Cn%20%5Cn%3Cp%3EThis%20profile%20is%20used%20at%20the%20bottom%20of%20the%20glazing%2C%20allowing%20you%20to%20create%20a%20low%20threshold%20that%20can%20be%20installed%20directly%20over%20existing%20flooring.%3C%2Fp%3E%5Cn%5Cn%3Cp%3EThe%20Slide%20mini%20bottom%20track%20is%20%3Cspan%3E9%2C8%20mm%3C%2Fspan%3E%20high%2C%20we%20recommend%20it%20as%20an%20indoor%20room%20divider%20in%20homes%2C%20offices%2C%20events%20rooms%2C%20caf%C3%A9s%20and%20restaurants.%3C%2Fp%3E%5Cn%5Cn%22%7D%2C%7B%22number%22%3A%2202.%22%2C%22title%22%3A%22ADVANTAGES%22%2C%22text%22%3A%22%3Cp%3EThe%20Slide%20mini%20bottom%20track%20can%20be%20floor%20mounted%20or%20recessed%2C%20with%20two%20types%20of%20trim%20available%2C%20meaning%20it%20can%20be%20perfectly%20incorporated%20into%20any%20type%20of%20flooring.%3C%2Fp%3E%5Cn%5Cn%3Cp%3EThe%20weight%20of%20the%20system%20is%20evenly%20distributed%20along%20the%20whole%20profile%2C%20this%20guarantees%20optimal%20stability%20and%20safety%20without%20limiting%20the%20structure%20needed%20(wood%2C%20metal%2C%20concrete...)%20or%20choice%20of%20ceiling.%3C%2Fp%3E%5Cn%5Cn%3Cp%3EUse%20tempered%20or%20laminated%20glass%20with%20flat%20ground%20edges%2C%20no%20special%20cuts-outs%20required.%20Some%20cut-outs%20may%20be%20needed%20for%20accessories.%3C%2Fp%3E%22%7D%2C%7B%22number%22%3A%2203.%22%2C%22title%22%3A%22TECHNICAL%20SPECIFICATIONS%22%2C%22text%22%3A%22%3Cp%3EWind%20load%3A%20%3Cspan%3EClass%206.%3C%2Fspan%3E%3C%2Fp%3E%5Cn%3Cp%3EAcoustic%20insulation%3A%20%3Cspan%3E34%20dB.%3C%2Fspan%3E%3C%2Fp%3E%5Cn%3Cp%3EThermal%20insulation%3A%20%3Cspan%3E5.6%20W%2Fm2K.%3C%2Fspan%3E%3C%2Fp%3E%20%5Cn%3Cp%3EAirtightness%3A%20%3Cspan%3EClass%202.%3C%2Fspan%3E%3C%2Fp%3E%5Cn%3Cp%3ETests%3A%20%3Cspan%3EUNE%2012600%20(2003).%201C1.%3C%2Fspan%3E%3C%2Fp%3E%5Cn%3Cp%3EMaximum%20panel%20weight%3A%20%3Cspan%3E150%20kg%3C%2Fspan%3E%3C%2Fp%3E%20%5Cn%3Cp%3EMaximum%20system%20height%3A%20%3Cspan%3E3300%20mm.%3C%2Fspan%3E%3C%2Fp%3E%5Cn%22%7D%5D\" title=\" SLIDE MINI BOTTOM TRACK \" image=\"6401\"][vc_accordion_services","protected":false},"author":4,"featured_media":0,"parent":0,"menu_order":0,"comment_status":"closed","ping_status":"closed","template":"","meta":{"footnotes":""},"class_list":["post-3851","page","type-page","status-publish","hentry"],"featured_image_src":"","featured_image_src_square":"","_links":{"self":[{"href":"https:\/\/claroflex.com\/br\/wp-json\/wp\/v2\/pages\/3851","targetHints":{"allow":["GET"]}}],"collection":[{"href":"https:\/\/claroflex.com\/br\/wp-json\/wp\/v2\/pages"}],"about":[{"href":"https:\/\/claroflex.com\/br\/wp-json\/wp\/v2\/types\/page"}],"author":[{"embeddable":true,"href":"https:\/\/claroflex.com\/br\/wp-json\/wp\/v2\/users\/4"}],"replies":[{"embeddable":true,"href":"https:\/\/claroflex.com\/br\/wp-json\/wp\/v2\/comments?post=3851"}],"version-history":[{"count":26,"href":"https:\/\/claroflex.com\/br\/wp-json\/wp\/v2\/pages\/3851\/revisions"}],"predecessor-version":[{"id":6404,"href":"https:\/\/claroflex.com\/br\/wp-json\/wp\/v2\/pages\/3851\/revisions\/6404"}],"wp:attachment":[{"href":"https:\/\/claroflex.com\/br\/wp-json\/wp\/v2\/media?parent=3851"}],"curies":[{"name":"wp","href":"https:\/\/api.w.org\/{rel}","templated":true}]}}