{"id":118,"date":"2017-01-03T16:40:21","date_gmt":"2017-01-03T16:40:21","guid":{"rendered":"http:\/\/prague.foxthemes.me\/?page_id=118"},"modified":"2025-04-28T07:47:41","modified_gmt":"2025-04-28T06:47:41","slug":"contact-us","status":"publish","type":"page","link":"https:\/\/claroflex.com\/br\/contact-us\/","title":{"rendered":"CONTATO"},"content":{"rendered":"<div class=\"wpb-content-wrapper\"><div data-vc-full-width=\"true\" data-vc-full-width-init=\"false\" data-vc-stretch-content=\"true\" class=\"vc_row wpb_row vc_row-fluid vc_row-no-padding\"><div class=\"wpb_column vc_column_container vc_col-sm-12 \"><div class=\"vc_column-inner \"><div class=\"wpb_wrapper\">[vc_banner_title style=&#8221;big&#8221; color_style=&#8221;light&#8221; title=&#8221;CLAROFLEX\u00ae CONTACT INFORMATION&#8221; img=&#8221;6226&#8243; enable_overlay=&#8221;true&#8221; enable_fullheight=&#8221;true&#8221; el_class=&#8221;page-title&#8221; columns=&#8221;%5B%7B%7D%5D&#8221;]OPEN TO THE WORLD[\/vc_banner_title]<div class=\"vc_empty_space\"   style=\"height: 32px\"><span class=\"vc_empty_space_inner\"><\/span><\/div><\/div><\/div><\/div><\/div><div class=\"vc_row-full-width vc_clearfix\"><\/div><div class=\"vc_row wpb_row vc_row-fluid espacio-contact-us  margin-lg-75t margin-sm-50t\"><div class=\"wpb_column vc_column_container vc_col-sm-12 vc_col-lg-offset-0 vc_col-lg-6 vc_col-md-offset-0 vc_col-md-6 vc_col-sm-offset-0 vc_col-xs-12 \"><div class=\"vc_column-inner \"><div class=\"wpb_wrapper\">[vc_headings heading_size=&#8221;h3&#8243; el_class=&#8221;directions-and-text-align&#8221;]<\/p>\n<h3 style=\"margin-bottom: -0.5rem; margin-top: 3.2rem;\">HEAD OFFICE AND WAREHOUSE:<\/h3>\n<p>&nbsp;<\/p>\n<p>Calle Jos\u00e9 Calder\u00f3n, s\/n, aptdo. de correos, 30, parcela 350,<br \/>\n29590 M\u00e1laga, Espa\u00f1a[\/vc_headings]<div class=\"vc_empty_space\"   style=\"height: 1rem\"><span class=\"vc_empty_space_inner\"><\/span><\/div><div class=\"vc_row wpb_row vc_inner vc_row-fluid vc_custom_1484117815051\"><div class=\"wpb_column vc_column_container vc_col-sm-4\"><div class=\"vc_column-inner\"><div class=\"wpb_wrapper\">[vc_address separator=&#8221;true&#8221; el_class=&#8221;left-direction-elements&#8221;]<\/p>\n<h3 style=\"color: #7e7d7d !important;\">TELEPHONE<\/h3>\n<p><a href=\"tel:+34952427141\">+34 952 42 71 41<\/a>[\/vc_address]<\/div><\/div><\/div><div class=\"wpb_column vc_column_container vc_col-sm-4\"><div class=\"vc_column-inner\"><div class=\"wpb_wrapper\">[vc_address separator=&#8221;true&#8221; el_class=&#8221;left-direction-elements&#8221;]<\/p>\n<h3 style=\"color: #7e7d7d !important;\">E-MAIL<\/h3>\n<p><a href=\"mailto:info@claroflex.com\">info@claroflex.com<\/a>[\/vc_address]<\/div><\/div><\/div><div class=\"wpb_column vc_column_container vc_col-sm-4\"><div class=\"vc_column-inner\"><div class=\"wpb_wrapper\">[vc_address separator=&#8221;true&#8221; el_class=&#8221;left-direction-elements&#8221;]<\/p>\n<h3 style=\"color: #7e7d7d !important;\">WHATSAPP<\/h3>\n<p><a href=\"https:\/\/wa.me\/34952427141\" target=\"_blank\" rel=\"noopener\">+34 952 42 71 41<\/a>[\/vc_address]<\/div><\/div><\/div><\/div><\/div><\/div><\/div><div class=\"wpb_column vc_column_container vc_col-sm-12 vc_col-md-6 vc_col-xs-12  margin-lg-105t margin-sm-30t\"><div class=\"vc_column-inner \"><div class=\"wpb_wrapper\">[vc_formidable form=&#8221;3&#8243; el_class=&#8221;form-contacto&#8221;]<\/div><\/div><\/div><\/div><div data-vc-full-width=\"true\" data-vc-full-width-init=\"false\" data-vc-stretch-content=\"true\" class=\"vc_row wpb_row vc_row-fluid vc_row-no-padding  margin-lg-105t margin-sm-50t\"><div class=\"wpb_column vc_column_container vc_col-sm-12 \"><div class=\"vc_column-inner \"><div class=\"wpb_wrapper\">\n\t<div class=\"wpb_raw_code wpb_content_element wpb_raw_html\" >\n\t\t<div class=\"wpb_wrapper\">\n\t\t\t<div class=\"contact-us-map\"><img decoding=\"async\" src=\"\/wp-content\/uploads\/2022\/10\/head_office_and_warehouse.webp\" alt=\"location map\" loading=\"lazy\" style=\"display: none;\" \/><\/div>\n\t\t<\/div>\n\t<\/div>\n<\/div><\/div><\/div><\/div><div class=\"vc_row-full-width vc_clearfix\"><\/div><div class=\"vc_row wpb_row vc_row-fluid title_elements\"><div class=\"wpb_column vc_column_container vc_col-sm-12 \"><div class=\"vc_column-inner \"><div class=\"wpb_wrapper\">\n\t<div class=\"wpb_text_column wpb_content_element  padding-bottom-0\" >\n\t\t<div class=\"wpb_wrapper\">\n\t\t\t<h3>OTHER BRANCHES:<\/h3>\n\n\t\t<\/div>\n\t<\/div>\n<\/div><\/div><\/div><\/div><div class=\"vc_row wpb_row vc_row-fluid margin-top-0 vc_column-gap-25 vc_row-o-equal-height vc_row-flex  margin-lg-35t margin-lg-140b margin-sm-20t margin-sm-70b\"><div class=\"contact-us-directions-background wpb_column vc_column_container vc_col-sm-4 \"><div class=\"vc_column-inner \"><div class=\"wpb_wrapper\">[vc_address separator=&#8221;true&#8221; el_class=&#8221;contact-us left-direction-elements&#8221; css=&#8221;.vc_custom_1693463157668{padding-top: 50px !important;padding-right: 30px !important;padding-bottom: 0px !important;padding-left: 30px !important;background-color: #f2f2f2 !important;}&#8221;]<\/p>\n<h3>BRAZIL<\/h3>\n<p><a href=\"https:\/\/goo.gl\/maps\/HsCmTJnXKhFQXmuX6\" target=\"_blank\" rel=\"noopener\"> Rua Marginal do Rio Jundiai, 1300, Glap\u00e3o 11, V\u00e1rzea Paulista, S\u00e3o Paulo, CEP: 13221-800<\/a><\/p>\n<p>&nbsp;<\/p>\n<p><a href=\"tel:+1148087855\">+11 46065666<\/a><\/p>\n<p>&nbsp;<\/p>\n<p><a href=\"mailto:claroflexbrasil@claroflex.com.br\">claroflexbrasil@claroflex.com.br<\/a>[\/vc_address]<\/div><\/div><\/div><div class=\"contact-us-directions-background wpb_column vc_column_container vc_col-sm-4 \"><div class=\"vc_column-inner \"><div class=\"wpb_wrapper\">[vc_address separator=&#8221;true&#8221; el_class=&#8221;contact-us left-direction-elements&#8221; css=&#8221;.vc_custom_1664353061007{padding-top: 50px !important;padding-right: 30px !important;padding-bottom: 0px !important;padding-left: 30px !important;background-color: #f2f2f2 !important;}&#8221;]<\/p>\n<h3>RUSSIA<\/h3>\n<p><a href=\"https:\/\/goo.gl\/maps\/e5bUyeRGqDgmb7TQ8\" target=\"_blank\" rel=\"noopener\">\u041c\u041e, \u0413\u041e \u041f\u043e\u0434\u043e\u043b\u044c\u0441\u043a, \u041b\u0430\u0433\u043e\u0432\u0441\u043a\u0438\u0439 c\/\u043e, \u0434. \u0421\u0435\u0432\u0435\u0440\u043e\u0432\u043e, \u0443\u043b. \u041a\u0443\u0442\u0443\u0437\u043e\u0432\u0441\u043a\u0430\u044f, \u0434.13.<\/a><\/p>\n<p>&nbsp;<\/p>\n<p>&nbsp;<\/p>\n<p>&nbsp;<\/p>\n<p><a href=\"tel:+7(495) 24-949-71\">+7(495) 24-949-71<\/a><\/p>\n<p>&nbsp;<\/p>\n<p><a href=\"mailto:info@claroflex.com\">info@claroflex.com<\/a>[\/vc_address]<\/div><\/div><\/div><\/div>\n<\/div>","protected":false},"excerpt":{"rendered":"[vc_banner_title style=\"big\" color_style=\"light\" title=\"CLAROFLEX\u00ae CONTACT INFORMATION\" img=\"6226\" enable_overlay=\"true\" enable_fullheight=\"true\" el_class=\"page-title\" columns=\"%5B%7B%7D%5D\"]OPEN TO THE WORLD[\/vc_banner_title][vc_headings heading_size=\"h3\" el_class=\"directions-and-text-align\"] HEAD OFFICE AND WAREHOUSE:","protected":false},"author":1,"featured_media":6226,"parent":0,"menu_order":0,"comment_status":"closed","ping_status":"closed","template":"","meta":{"footnotes":""},"class_list":["post-118","page","type-page","status-publish","has-post-thumbnail","hentry"],"featured_image_src":"https:\/\/claroflex.com\/wp-content\/uploads\/2022\/10\/claroflex_contact_information-600x400.webp","featured_image_src_square":"https:\/\/claroflex.com\/wp-content\/uploads\/2022\/10\/claroflex_contact_information-600x600.webp","_links":{"self":[{"href":"https:\/\/claroflex.com\/br\/wp-json\/wp\/v2\/pages\/118","targetHints":{"allow":["GET"]}}],"collection":[{"href":"https:\/\/claroflex.com\/br\/wp-json\/wp\/v2\/pages"}],"about":[{"href":"https:\/\/claroflex.com\/br\/wp-json\/wp\/v2\/types\/page"}],"author":[{"embeddable":true,"href":"https:\/\/claroflex.com\/br\/wp-json\/wp\/v2\/users\/1"}],"replies":[{"embeddable":true,"href":"https:\/\/claroflex.com\/br\/wp-json\/wp\/v2\/comments?post=118"}],"version-history":[{"count":246,"href":"https:\/\/claroflex.com\/br\/wp-json\/wp\/v2\/pages\/118\/revisions"}],"predecessor-version":[{"id":7729,"href":"https:\/\/claroflex.com\/br\/wp-json\/wp\/v2\/pages\/118\/revisions\/7729"}],"wp:featuredmedia":[{"embeddable":true,"href":"https:\/\/claroflex.com\/br\/wp-json\/wp\/v2\/media\/6226"}],"wp:attachment":[{"href":"https:\/\/claroflex.com\/br\/wp-json\/wp\/v2\/media?parent=118"}],"curies":[{"name":"wp","href":"https:\/\/api.w.org\/{rel}","templated":true}]}}