{"id":4683,"date":"2022-06-08T10:35:35","date_gmt":"2022-06-08T09:35:35","guid":{"rendered":"https:\/\/claroflex.com\/?page_id=4683"},"modified":"2022-06-21T10:04:57","modified_gmt":"2022-06-21T09:04:57","slug":"legal-disclaimer","status":"publish","type":"page","link":"https:\/\/claroflex.com\/ar\/legal-disclaimer\/","title":{"rendered":"\u0625\u062e\u0644\u0627\u0621 \u0627\u0644\u0645\u0633\u0624\u0648\u0644\u064a\u0629 \u0627\u0644\u0642\u0627\u0646\u0648\u0646\u064a\u0629"},"content":{"rendered":"<div class=\"wpb-content-wrapper\"><div class=\"vc_row wpb_row vc_row-fluid\"><div class=\"wpb_column vc_column_container vc_col-sm-12\"><div class=\"vc_column-inner\"><div class=\"wpb_wrapper\"><div class=\"vc_empty_space\"   style=\"height: 10rem\"><span class=\"vc_empty_space_inner\"><\/span><\/div><\/div><\/div><\/div><\/div><div class=\"vc_row wpb_row vc_row-fluid shadow-box-simple vc_custom_1654682808813\"><div class=\"wpb_column vc_column_container vc_col-sm-12\"><div class=\"vc_column-inner\"><div class=\"wpb_wrapper\">\n\t<div class=\"wpb_text_column wpb_content_element\" >\n\t\t<div class=\"wpb_wrapper\">\n\t\t\t<h3 style=\"text-align: center;\">\u0625\u062e\u0644\u0627\u0621 \u0627\u0644\u0645\u0633\u0624\u0648\u0644\u064a\u0629 \u0627\u0644\u0642\u0627\u0646\u0648\u0646\u064a\u0629<\/h3>\n\n\t\t<\/div>\n\t<\/div>\n<div class=\"vc_empty_space\"   style=\"height: 2rem\"><span class=\"vc_empty_space_inner\"><\/span><\/div><\/div><\/div><\/div><div class=\"wpb_column vc_column_container vc_col-sm-6\"><div class=\"vc_column-inner\"><div class=\"wpb_wrapper\">\n\t<div class=\"wpb_text_column wpb_content_element\" >\n\t\t<div class=\"wpb_wrapper\">\n\t\t\t<p>Distribuidora de Sistemas de Cierre, S.L.<br \/>\n\u0627\u0644\u0627\u0633\u0645 \u0627\u0644\u062a\u062c\u0627\u0631\u064a: \u0643\u0644\u0627\u0631\u0648\u0641\u0644\u064a\u0643\u0633\u00ae CLAROFLEX<br \/>\nC\/Jos\u00e9 Jos\u00e9 Calder\u00f3n, Parcela 350, Nave S\/n, Apto. Correos 30, 29590, Malaga<br \/>\nCIF: B.93.405.496<br \/>\n\u0627\u0644\u0628\u0631\u064a\u062f \u0627\u0644\u0625\u0644\u0643\u062a\u0631\u0648\u0646\u064a: info@claroflex.com<\/p>\n\n\t\t<\/div>\n\t<\/div>\n<\/div><\/div><\/div><div class=\"wpb_column vc_column_container vc_col-sm-6\"><div class=\"vc_column-inner\"><div class=\"wpb_wrapper\">\n\t<div class=\"wpb_text_column wpb_content_element\" >\n\t\t<div class=\"wpb_wrapper\">\n\t\t\t<p>\u062a\u0644\u064a\u0641\u0648\u0646 0034 952 42 71 41<br \/>\n\u0631\u0642\u0645 \u0627\u0644\u0641\u0627\u0643\u0633: 0034 952 42 42 71 41<br \/>\n\u0627\u0644\u062a\u0633\u062c\u064a\u0644 \u0641\u064a \u0627\u0644\u0633\u062c\u0644:<br \/>\nRegistro Mercantil Mercantil de M\u00e1laga, Tomo 5401 \/ Folio 166 \/ Hoja MA128386<br \/>\nNombre de dominio: www.claroflex.com<\/p>\n\n\t\t<\/div>\n\t<\/div>\n<\/div><\/div><\/div><\/div><div class=\"vc_row wpb_row vc_row-fluid\"><div class=\"wpb_column vc_column_container vc_col-sm-12\"><div class=\"vc_column-inner\"><div class=\"wpb_wrapper\"><div class=\"vc_empty_space\"   style=\"height: 10rem\"><span class=\"vc_empty_space_inner\"><\/span><\/div><\/div><\/div><\/div><\/div>\n<\/div>","protected":false},"excerpt":{"rendered":"\u0625\u062e\u0644\u0627\u0621 \u0645\u0633\u0624\u0648\u0644\u064a\u0629 \u0642\u0627\u0646\u0648\u0646\u064a\u0629\n\u0634\u0631\u0643\u0629 \u062f\u064a\u0633\u062a\u0631\u064a\u0628\u0648\u062f\u0648\u0631\u0627 \u062f\u064a \u0633\u064a\u0633\u062a\u064a\u0645\u0627\u0633 \u062f\u064a \u0633\u064a\u064a\u0631\u064a\u060c \u0630\u0627\u062a \u0627\u0644\u0645\u0633\u0624\u0648\u0644\u064a\u0629 \u0627\u0644\u0645\u062d\u062f\u0648\u062f\u0629\n\u0627\u0644\u0627\u0633\u0645 \u0627\u0644\u062a\u062c\u0627\u0631\u064a: CLAROFLEX\u00ae\n\u0634\u0627\u0631\u0639 \u062e\u0648\u0633\u064a\u0647 \u0643\u0627\u0644\u062f\u064a\u0631\u0648\u0646\u060c \u0642\u0637\u0639\u0629 350\u060c \u0645\u0633\u062a\u0648\u062f\u0639 \u0628\u062f\u0648\u0646 \u0631\u0642\u0645\u060c \u0635\u0646\u062f\u0648\u0642 \u0628\u0631\u064a\u062f","protected":false},"author":4,"featured_media":0,"parent":0,"menu_order":0,"comment_status":"closed","ping_status":"closed","template":"","meta":{"footnotes":""},"class_list":["post-4683","page","type-page","status-publish","hentry"],"featured_image_src":"","featured_image_src_square":"","_links":{"self":[{"href":"https:\/\/claroflex.com\/ar\/wp-json\/wp\/v2\/pages\/4683","targetHints":{"allow":["GET"]}}],"collection":[{"href":"https:\/\/claroflex.com\/ar\/wp-json\/wp\/v2\/pages"}],"about":[{"href":"https:\/\/claroflex.com\/ar\/wp-json\/wp\/v2\/types\/page"}],"author":[{"embeddable":true,"href":"https:\/\/claroflex.com\/ar\/wp-json\/wp\/v2\/users\/4"}],"replies":[{"embeddable":true,"href":"https:\/\/claroflex.com\/ar\/wp-json\/wp\/v2\/comments?post=4683"}],"version-history":[{"count":12,"href":"https:\/\/claroflex.com\/ar\/wp-json\/wp\/v2\/pages\/4683\/revisions"}],"predecessor-version":[{"id":4702,"href":"https:\/\/claroflex.com\/ar\/wp-json\/wp\/v2\/pages\/4683\/revisions\/4702"}],"wp:attachment":[{"href":"https:\/\/claroflex.com\/ar\/wp-json\/wp\/v2\/media?parent=4683"}],"curies":[{"name":"\u062f\u0628\u0644\u064a\u0648 \u0628\u064a","href":"https:\/\/api.w.org\/{rel}","templated":true}]}}